{"id":898,"date":"2024-02-07T14:43:08","date_gmt":"2024-02-07T19:43:08","guid":{"rendered":"https:\/\/collisionaiac.wpenginepowered.com\/thank-you\/"},"modified":"2025-03-26T10:35:11","modified_gmt":"2025-03-26T14:35:11","slug":"merci","status":"publish","type":"page","link":"https:\/\/collision.aiacanada.com\/fr\/merci\/","title":{"rendered":"Merci"},"content":{"rendered":"\t\t<div data-elementor-type=\"wp-page\" data-elementor-id=\"898\" class=\"elementor elementor-898 elementor-897\" data-elementor-post-type=\"page\">\n\t\t\t\t\t\t<section class=\"elementor-section elementor-top-section elementor-element elementor-element-b95b18e elementor-section-boxed elementor-section-height-default elementor-section-height-default\" data-id=\"b95b18e\" data-element_type=\"section\">\n\t\t\t\t\t\t<div class=\"elementor-container elementor-column-gap-default\">\n\t\t\t\t\t<div class=\"elementor-column elementor-col-100 elementor-top-column elementor-element elementor-element-660ec5f\" data-id=\"660ec5f\" data-element_type=\"column\">\n\t\t\t<div class=\"elementor-widget-wrap elementor-element-populated\">\n\t\t\t\t\t\t<div class=\"elementor-element elementor-element-6bda8e8 elementor-widget elementor-widget-text-editor\" data-id=\"6bda8e8\" data-element_type=\"widget\" data-widget_type=\"text-editor.default\">\n\t\t\t\t<div class=\"elementor-widget-container\">\n\t\t\t\t\t\t\t<p><strong>Merci de vous \u00eatre inscrit \u00e0 nos communications \u00e9lectroniques !<\/strong><\/p><div class=\"elementor-element elementor-element-4048c34 elementor-widget elementor-widget-text-editor\" data-id=\"4048c34\" data-element_type=\"widget\" data-widget_type=\"text-editor.default\"><div class=\"elementor-widget-container\"><p>Nous sommes enthousiastes \u00e0 l\u2019id\u00e9e de vous fournir des nouvelles et des mises \u00e0 jour sur les \u00e9v\u00e9nements du Forum canadien de l\u2019industrie de la carrosserie.<\/p><\/div><\/div><div class=\"elementor-element elementor-element-366f2a9 newsletter-insightly-form elementor-widget elementor-widget-html\" data-id=\"366f2a9\" data-element_type=\"widget\" data-widget_type=\"html.default\"><div class=\"elementor-widget-container\"><form action=\"https:\/\/chloe.insightly.services\/Forms\/MTEyNzg3MS0xMTk1NS0yMDEwMDU4\" method=\"post\" name=\"insightly_form\" data-form-id=\"11955\"><\/form><\/div><\/div>\t\t\t\t\t\t<\/div>\n\t\t\t\t<\/div>\n\t\t\t\t\t<\/div>\n\t\t<\/div>\n\t\t\t\t\t<\/div>\n\t\t<\/section>\n\t\t\t\t<\/div>\n\t\t","protected":false},"excerpt":{"rendered":"<p>Merci de vous \u00eatre inscrit \u00e0 nos communications \u00e9lectroniques ! Nous sommes enthousiastes \u00e0 l\u2019id\u00e9e de vous fournir des nouvelles et des mises \u00e0 jour sur les \u00e9v\u00e9nements du Forum canadien de l\u2019industrie de la carrosserie.<\/p>\n","protected":false},"author":12,"featured_media":0,"parent":0,"menu_order":0,"comment_status":"closed","ping_status":"closed","template":"","meta":{"_acf_changed":false,"footnotes":""},"class_list":["post-898","page","type-page","status-publish","hentry"],"acf":[],"aioseo_notices":[],"_links":{"self":[{"href":"https:\/\/collision.aiacanada.com\/fr\/wp-json\/wp\/v2\/pages\/898","targetHints":{"allow":["GET"]}}],"collection":[{"href":"https:\/\/collision.aiacanada.com\/fr\/wp-json\/wp\/v2\/pages"}],"about":[{"href":"https:\/\/collision.aiacanada.com\/fr\/wp-json\/wp\/v2\/types\/page"}],"author":[{"embeddable":true,"href":"https:\/\/collision.aiacanada.com\/fr\/wp-json\/wp\/v2\/users\/12"}],"replies":[{"embeddable":true,"href":"https:\/\/collision.aiacanada.com\/fr\/wp-json\/wp\/v2\/comments?post=898"}],"version-history":[{"count":0,"href":"https:\/\/collision.aiacanada.com\/fr\/wp-json\/wp\/v2\/pages\/898\/revisions"}],"wp:attachment":[{"href":"https:\/\/collision.aiacanada.com\/fr\/wp-json\/wp\/v2\/media?parent=898"}],"curies":[{"name":"wp","href":"https:\/\/api.w.org\/{rel}","templated":true}]}}