{"id":2957,"date":"2024-08-29T15:16:02","date_gmt":"2024-08-29T19:16:02","guid":{"rendered":"https:\/\/collision.aiacanada.com\/?page_id=2957"},"modified":"2025-05-27T08:01:08","modified_gmt":"2025-05-27T12:01:08","slug":"modalites-et-conditions","status":"publish","type":"page","link":"https:\/\/collision.aiacanada.com\/fr\/devenez-un-exposant-de-la-foire-commerciale-du-ccif\/modalites-et-conditions\/","title":{"rendered":"Foire commerciale du CCIF\u00a0: modalit\u00e9s et conditions"},"content":{"rendered":"\t\t<div data-elementor-type=\"wp-page\" data-elementor-id=\"2957\" class=\"elementor elementor-2957 elementor-2211\" data-elementor-post-type=\"page\">\n\t\t\t\t\t\t<section class=\"elementor-section elementor-top-section elementor-element elementor-element-885df5c elementor-section-boxed elementor-section-height-default elementor-section-height-default\" data-id=\"885df5c\" data-element_type=\"section\">\n\t\t\t\t\t\t<div class=\"elementor-container elementor-column-gap-default\">\n\t\t\t\t\t<div class=\"elementor-column elementor-col-100 elementor-top-column elementor-element elementor-element-73890dc\" data-id=\"73890dc\" data-element_type=\"column\">\n\t\t\t<div class=\"elementor-widget-wrap elementor-element-populated\">\n\t\t\t\t\t\t<div class=\"elementor-element elementor-element-aac2e19 elementor-widget elementor-widget-heading\" data-id=\"aac2e19\" data-element_type=\"widget\" data-widget_type=\"heading.default\">\n\t\t\t\t<div class=\"elementor-widget-container\">\n\t\t\t<h2 class=\"elementor-heading-title elementor-size-default\">Collecte et divulgation de renseignements personnels<\/h2>\t\t<\/div>\n\t\t\t\t<\/div>\n\t\t\t\t<div class=\"elementor-element elementor-element-ef2cf8e elementor-widget elementor-widget-spacer\" data-id=\"ef2cf8e\" data-element_type=\"widget\" data-widget_type=\"spacer.default\">\n\t\t\t\t<div class=\"elementor-widget-container\">\n\t\t\t\t\t<div class=\"elementor-spacer\">\n\t\t\t<div class=\"elementor-spacer-inner\"><\/div>\n\t\t<\/div>\n\t\t\t\t<\/div>\n\t\t\t\t<\/div>\n\t\t\t\t<div class=\"elementor-element elementor-element-0be0411 elementor-widget elementor-widget-text-editor\" data-id=\"0be0411\" data-element_type=\"widget\" data-widget_type=\"text-editor.default\">\n\t\t\t\t<div class=\"elementor-widget-container\">\n\t\t\t\t\t\t\t<p>En tant qu\u2019exposant, votre nom, titre et organisation seront divulgu\u00e9s dans la liste des participants aux \u00e9v\u00e9nements. Les listes de participants aux \u00e9v\u00e9nements peuvent \u00eatre partag\u00e9es avec d\u2019autres membres de l&#8217;AIA Canada et d\u2019autres organisations r\u00e9put\u00e9es associ\u00e9es \u00e0 l&#8217;AIA Canada au sujet de l\u2019\u00e9v\u00e9nement concern\u00e9, sur demande.<\/p><p>Pour plus d\u2019informations, veuillez consulter notre <a href=\"https:\/\/www.aiacanada.com\/fr\/politique-de-confidentialite\/\">politique de confidentialit\u00e9<\/a>.<\/p>\t\t\t\t\t\t<\/div>\n\t\t\t\t<\/div>\n\t\t\t\t\t<\/div>\n\t\t<\/div>\n\t\t\t\t\t<\/div>\n\t\t<\/section>\n\t\t\t\t<section class=\"elementor-section elementor-top-section elementor-element elementor-element-554e3f3 elementor-section-boxed elementor-section-height-default elementor-section-height-default\" data-id=\"554e3f3\" data-element_type=\"section\">\n\t\t\t\t\t\t<div class=\"elementor-container elementor-column-gap-default\">\n\t\t\t\t\t<div class=\"elementor-column elementor-col-100 elementor-top-column elementor-element elementor-element-46b1ffa\" data-id=\"46b1ffa\" data-element_type=\"column\">\n\t\t\t<div class=\"elementor-widget-wrap elementor-element-populated\">\n\t\t\t\t\t\t<div class=\"elementor-element elementor-element-2cb83a7 elementor-widget elementor-widget-heading\" data-id=\"2cb83a7\" data-element_type=\"widget\" data-widget_type=\"heading.default\">\n\t\t\t\t<div class=\"elementor-widget-container\">\n\t\t\t<h2 class=\"elementor-heading-title elementor-size-default\">Exon\u00e9ration de garantie<\/h2>\t\t<\/div>\n\t\t\t\t<\/div>\n\t\t\t\t<div class=\"elementor-element elementor-element-4afd324 elementor-widget elementor-widget-spacer\" data-id=\"4afd324\" data-element_type=\"widget\" data-widget_type=\"spacer.default\">\n\t\t\t\t<div class=\"elementor-widget-container\">\n\t\t\t\t\t<div class=\"elementor-spacer\">\n\t\t\t<div class=\"elementor-spacer-inner\"><\/div>\n\t\t<\/div>\n\t\t\t\t<\/div>\n\t\t\t\t<\/div>\n\t\t\t\t<div class=\"elementor-element elementor-element-e1712f0 elementor-widget elementor-widget-text-editor\" data-id=\"e1712f0\" data-element_type=\"widget\" data-widget_type=\"text-editor.default\">\n\t\t\t\t<div class=\"elementor-widget-container\">\n\t\t\t\t\t\t\t<p>Aucune des parties ne fait de d\u00e9claration ou de garantie expresse ou implicite \u00e0 l\u2019\u00e9gard de toute question, y compris sans limitation, les d\u00e9faillances du r\u00e9seau, les difficult\u00e9s de tiers, les \u00e9checs d\u2019h\u00e9bergement Web, les services fournis ci-dessous, ou tout r\u00e9sultat de ces activit\u00e9s et chaque partie d\u00e9cline express\u00e9ment toute garantie implicite de qualit\u00e9 marchande ou d\u2019aptitude \u00e0 un usage sp\u00e9cifique.<\/p>\t\t\t\t\t\t<\/div>\n\t\t\t\t<\/div>\n\t\t\t\t\t<\/div>\n\t\t<\/div>\n\t\t\t\t\t<\/div>\n\t\t<\/section>\n\t\t\t\t<section class=\"elementor-section elementor-top-section elementor-element elementor-element-77e355c elementor-section-boxed elementor-section-height-default elementor-section-height-default\" data-id=\"77e355c\" data-element_type=\"section\">\n\t\t\t\t\t\t<div class=\"elementor-container elementor-column-gap-default\">\n\t\t\t\t\t<div class=\"elementor-column elementor-col-100 elementor-top-column elementor-element elementor-element-b3b0976\" data-id=\"b3b0976\" data-element_type=\"column\">\n\t\t\t<div class=\"elementor-widget-wrap elementor-element-populated\">\n\t\t\t\t\t\t<div class=\"elementor-element elementor-element-677be94 elementor-widget elementor-widget-heading\" data-id=\"677be94\" data-element_type=\"widget\" data-widget_type=\"heading.default\">\n\t\t\t\t<div class=\"elementor-widget-container\">\n\t\t\t<h2 class=\"elementor-heading-title elementor-size-default\">Limitation de responsabilit\u00e9<\/h2>\t\t<\/div>\n\t\t\t\t<\/div>\n\t\t\t\t<div class=\"elementor-element elementor-element-b194e2c elementor-widget elementor-widget-spacer\" data-id=\"b194e2c\" data-element_type=\"widget\" data-widget_type=\"spacer.default\">\n\t\t\t\t<div class=\"elementor-widget-container\">\n\t\t\t\t\t<div class=\"elementor-spacer\">\n\t\t\t<div class=\"elementor-spacer-inner\"><\/div>\n\t\t<\/div>\n\t\t\t\t<\/div>\n\t\t\t\t<\/div>\n\t\t\t\t<div class=\"elementor-element elementor-element-ccfdf63 elementor-widget elementor-widget-text-editor\" data-id=\"ccfdf63\" data-element_type=\"widget\" data-widget_type=\"text-editor.default\">\n\t\t\t\t<div class=\"elementor-widget-container\">\n\t\t\t\t\t\t\t<p>Le seul recours de l&#8217;entreprise et la responsabilit\u00e9 totale de l&#8217;AIA Canada d\u00e9coulant du pr\u00e9sent accord ou des services fournis en vertu de celui-ci, que ce soit sur la base d\u2019un contrat, d\u2019une responsabilit\u00e9 d\u00e9lictuelle ou autre, ne doivent pas d\u00e9passer les frais pay\u00e9s\/\u00e0 payer \u00e0 l&#8217;AIA Canada. L&#8217;entreprise reconna\u00eet que les frais ci-dessous sont bas\u00e9s en partie sur l\u2019exclusion de garantie, la limitation de responsabilit\u00e9 et l\u2019exclusion des dommages contenus dans cette entente.<\/p><p>L\u2019Association des industries de l\u2019automobile du Canada, le Forum canadien de l\u2019industrie de la carrosserie et les exposants de services tiers ne sont pas responsables des cons\u00e9quences d\u00e9coulant du non-respect des d\u00e9lais fix\u00e9s par les fournisseurs de services tiers.<\/p>\t\t\t\t\t\t<\/div>\n\t\t\t\t<\/div>\n\t\t\t\t\t<\/div>\n\t\t<\/div>\n\t\t\t\t\t<\/div>\n\t\t<\/section>\n\t\t\t\t<section class=\"elementor-section elementor-top-section elementor-element elementor-element-7e79591 elementor-section-boxed elementor-section-height-default elementor-section-height-default\" data-id=\"7e79591\" data-element_type=\"section\">\n\t\t\t\t\t\t<div class=\"elementor-container elementor-column-gap-default\">\n\t\t\t\t\t<div class=\"elementor-column elementor-col-100 elementor-top-column elementor-element elementor-element-2ca72cd\" data-id=\"2ca72cd\" data-element_type=\"column\">\n\t\t\t<div class=\"elementor-widget-wrap elementor-element-populated\">\n\t\t\t\t\t\t<div class=\"elementor-element elementor-element-868b93a elementor-widget elementor-widget-heading\" data-id=\"868b93a\" data-element_type=\"widget\" data-widget_type=\"heading.default\">\n\t\t\t\t<div class=\"elementor-widget-container\">\n\t\t\t<h2 class=\"elementor-heading-title elementor-size-default\">Exclusion des dommages<\/h2>\t\t<\/div>\n\t\t\t\t<\/div>\n\t\t\t\t<div class=\"elementor-element elementor-element-5f7679e elementor-widget elementor-widget-spacer\" data-id=\"5f7679e\" data-element_type=\"widget\" data-widget_type=\"spacer.default\">\n\t\t\t\t<div class=\"elementor-widget-container\">\n\t\t\t\t\t<div class=\"elementor-spacer\">\n\t\t\t<div class=\"elementor-spacer-inner\"><\/div>\n\t\t<\/div>\n\t\t\t\t<\/div>\n\t\t\t\t<\/div>\n\t\t\t\t<div class=\"elementor-element elementor-element-20d43ff elementor-widget elementor-widget-text-editor\" data-id=\"20d43ff\" data-element_type=\"widget\" data-widget_type=\"text-editor.default\">\n\t\t\t\t<div class=\"elementor-widget-container\">\n\t\t\t\t\t\t\t<p>L\u2019une ou l\u2019autre des parties ne pourra en aucun cas \u00eatre tenue responsable envers l\u2019autre partie des dommages sp\u00e9ciaux, indirects, accessoires ou cons\u00e9cutifs, qui d\u00e9coulent, mais sans s\u2019y limiter, de la perte de donn\u00e9es, de la perte d\u2019utilisation ou de la perte de profits r\u00e9sultant de la fourniture des services. Les restrictions mentionn\u00e9es pr\u00e9c\u00e9demment ne s\u2019appliquent pas \u00e0 l\u2019indemnisation ou \u00e0 l\u2019inconduite intentionnelle.<\/p>\t\t\t\t\t\t<\/div>\n\t\t\t\t<\/div>\n\t\t\t\t\t<\/div>\n\t\t<\/div>\n\t\t\t\t\t<\/div>\n\t\t<\/section>\n\t\t\t\t<section class=\"elementor-section elementor-top-section elementor-element elementor-element-e46e9dc elementor-section-boxed elementor-section-height-default elementor-section-height-default\" data-id=\"e46e9dc\" data-element_type=\"section\">\n\t\t\t\t\t\t<div class=\"elementor-container elementor-column-gap-default\">\n\t\t\t\t\t<div class=\"elementor-column elementor-col-100 elementor-top-column elementor-element elementor-element-1a8fc84\" data-id=\"1a8fc84\" data-element_type=\"column\">\n\t\t\t<div class=\"elementor-widget-wrap elementor-element-populated\">\n\t\t\t\t\t\t<div class=\"elementor-element elementor-element-9fe0b7d elementor-widget elementor-widget-heading\" data-id=\"9fe0b7d\" data-element_type=\"widget\" data-widget_type=\"heading.default\">\n\t\t\t\t<div class=\"elementor-widget-container\">\n\t\t\t<h2 class=\"elementor-heading-title elementor-size-default\">Diffusion de films et de photographies<\/h2>\t\t<\/div>\n\t\t\t\t<\/div>\n\t\t\t\t<div class=\"elementor-element elementor-element-6db0f3d elementor-widget elementor-widget-spacer\" data-id=\"6db0f3d\" data-element_type=\"widget\" data-widget_type=\"spacer.default\">\n\t\t\t\t<div class=\"elementor-widget-container\">\n\t\t\t\t\t<div class=\"elementor-spacer\">\n\t\t\t<div class=\"elementor-spacer-inner\"><\/div>\n\t\t<\/div>\n\t\t\t\t<\/div>\n\t\t\t\t<\/div>\n\t\t\t\t<div class=\"elementor-element elementor-element-8930aaf elementor-widget elementor-widget-text-editor\" data-id=\"8930aaf\" data-element_type=\"widget\" data-widget_type=\"text-editor.default\">\n\t\t\t\t<div class=\"elementor-widget-container\">\n\t\t\t\t\t\t\t<p>En entrant dans les lieux de l\u2019\u00e9v\u00e9nement, la ou les personnes participantes consentent \u00e0 l\u2019utilisation d\u2019entretiens, de photographies, d\u2019enregistrements audio, de vid\u00e9os et \u00e0 leur diffusion, publication, exposition ou reproduction \u00e0 des fins d\u2019information, de webdiffusion, de promotion, de t\u00e9l\u00e9diffusion, de publicit\u00e9, d\u2019inclusion sur des sites Web, des m\u00e9dias sociaux ou \u00e0 toute autre finalit\u00e9 par l\u2019AIA Canada et ses soci\u00e9t\u00e9s affili\u00e9es et personnes repr\u00e9sentantes. Il est possible d\u2019utiliser des images, des photos et\/ou des vid\u00e9os afin de faire la promotion d\u2019\u00e9v\u00e9nements similaires de l\u2019AIA Canada \u00e0 l\u2019avenir, mettre en avant l\u2019\u00e9v\u00e9nement et mettre en avant les comp\u00e9tences de l\u2019AIA Canada. Les personnes participantes d\u00e9chargent l\u2019AIA Canada, ses personnes dirigeantes et personnes employ\u00e9es ainsi que toutes les personnes concern\u00e9es de toute responsabilit\u00e9 concernant la prise, l\u2019enregistrement, la num\u00e9risation ou la publication et l\u2019utilisation d\u2019entretiens, de photographies, d\u2019images informatiques, de vid\u00e9os ou d\u2019enregistrements sonores.<\/p><p>En se rendant sur les lieux de l\u2019\u00e9v\u00e9nement, la ou les personnes participantes renoncent \u00e0 tous les droits que vous et eux pouvez avoir \u00e0 toute demande de paiement ou de redevances li\u00e9e \u00e0 toute utilisation, exposition, diffusion en continu, webdiffusion, t\u00e9l\u00e9vision ou autre publication de ces mat\u00e9riaux, quel que soit la commandite et\u00a0l\u2019objectif\u00a0d\u2019une telle utilisation, exposition, diffusion, webdiffusion ou autre publication, m\u00eame si des frais d\u2019admission ou de commandite\u00a0sont factur\u00e9s. La ou les personnes participantes renoncent \u00e9galement \u00e0 tout droit d\u2019examiner ou d\u2019approuver toute photo, toute vid\u00e9o ou tout enregistrement audio pris par l\u2019AIA Canada ou la personne ou l\u2019entit\u00e9 d\u00e9sign\u00e9e pour le faire par l\u2019AIA Canada.<\/p><p>En tant que personne inscrite, je suis conscient que c\u2019est \u00e0 moi seul de faire savoir aux personnes participantes que je me suis inscrit au sujet du communiqu\u00e9 mentionn\u00e9 pr\u00e9c\u00e9demment et je donne par la pr\u00e9sente l\u2019autorisation \u00e0 l\u2019AIA Canada, au nom de ces personnes participantes, d\u2019exercer pleinement le communiqu\u00e9 mentionn\u00e9 pr\u00e9c\u00e9demment.<\/p><p>Cette version de tournage et de photographie n\u2019est pas soumise \u00e0 la date de r\u00e9siliation de l\u2019accord.<\/p>\t\t\t\t\t\t<\/div>\n\t\t\t\t<\/div>\n\t\t\t\t\t<\/div>\n\t\t<\/div>\n\t\t\t\t\t<\/div>\n\t\t<\/section>\n\t\t\t\t<section class=\"elementor-section elementor-top-section elementor-element elementor-element-5b84502 elementor-section-boxed elementor-section-height-default elementor-section-height-default\" data-id=\"5b84502\" data-element_type=\"section\">\n\t\t\t\t\t\t<div class=\"elementor-container elementor-column-gap-default\">\n\t\t\t\t\t<div class=\"elementor-column elementor-col-100 elementor-top-column elementor-element elementor-element-1567231\" data-id=\"1567231\" data-element_type=\"column\">\n\t\t\t<div class=\"elementor-widget-wrap elementor-element-populated\">\n\t\t\t\t\t\t<div class=\"elementor-element elementor-element-9f8ec3a elementor-widget elementor-widget-heading\" data-id=\"9f8ec3a\" data-element_type=\"widget\" data-widget_type=\"heading.default\">\n\t\t\t\t<div class=\"elementor-widget-container\">\n\t\t\t<h2 class=\"elementor-heading-title elementor-size-default\">Dur\u00e9e et r\u00e9siliation<\/h2>\t\t<\/div>\n\t\t\t\t<\/div>\n\t\t\t\t<div class=\"elementor-element elementor-element-66b3d9d elementor-widget elementor-widget-spacer\" data-id=\"66b3d9d\" data-element_type=\"widget\" data-widget_type=\"spacer.default\">\n\t\t\t\t<div class=\"elementor-widget-container\">\n\t\t\t\t\t<div class=\"elementor-spacer\">\n\t\t\t<div class=\"elementor-spacer-inner\"><\/div>\n\t\t<\/div>\n\t\t\t\t<\/div>\n\t\t\t\t<\/div>\n\t\t\t\t<div class=\"elementor-element elementor-element-5fc7c94 elementor-widget elementor-widget-text-editor\" data-id=\"5fc7c94\" data-element_type=\"widget\" data-widget_type=\"text-editor.default\">\n\t\t\t\t<div class=\"elementor-widget-container\">\n\t\t\t\t\t\t\t<p>Le pr\u00e9sent accord s\u2019applique pour les ann\u00e9es civiles 2025 et 2026.<\/p>\t\t\t\t\t\t<\/div>\n\t\t\t\t<\/div>\n\t\t\t\t\t<\/div>\n\t\t<\/div>\n\t\t\t\t\t<\/div>\n\t\t<\/section>\n\t\t\t\t<section class=\"elementor-section elementor-top-section elementor-element elementor-element-0f81866 elementor-section-boxed elementor-section-height-default elementor-section-height-default\" data-id=\"0f81866\" data-element_type=\"section\">\n\t\t\t\t\t\t<div class=\"elementor-container elementor-column-gap-default\">\n\t\t\t\t\t<div class=\"elementor-column elementor-col-100 elementor-top-column elementor-element elementor-element-7b208e2\" data-id=\"7b208e2\" data-element_type=\"column\">\n\t\t\t<div class=\"elementor-widget-wrap elementor-element-populated\">\n\t\t\t\t\t\t<div class=\"elementor-element elementor-element-cbcd0d7 elementor-widget elementor-widget-heading\" data-id=\"cbcd0d7\" data-element_type=\"widget\" data-widget_type=\"heading.default\">\n\t\t\t\t<div class=\"elementor-widget-container\">\n\t\t\t<h2 class=\"elementor-heading-title elementor-size-default\">Divers<\/h2>\t\t<\/div>\n\t\t\t\t<\/div>\n\t\t\t\t<div class=\"elementor-element elementor-element-bef7d61 elementor-widget elementor-widget-spacer\" data-id=\"bef7d61\" data-element_type=\"widget\" data-widget_type=\"spacer.default\">\n\t\t\t\t<div class=\"elementor-widget-container\">\n\t\t\t\t\t<div class=\"elementor-spacer\">\n\t\t\t<div class=\"elementor-spacer-inner\"><\/div>\n\t\t<\/div>\n\t\t\t\t<\/div>\n\t\t\t\t<\/div>\n\t\t\t\t<div class=\"elementor-element elementor-element-c047dd6 elementor-widget elementor-widget-text-editor\" data-id=\"c047dd6\" data-element_type=\"widget\" data-widget_type=\"text-editor.default\">\n\t\t\t\t<div class=\"elementor-widget-container\">\n\t\t\t\t\t\t\t<ul><li>La pr\u00e9sente entente ne cr\u00e9era aucun partenariat ou coentreprise entre les parties, et ni l&#8217;entreprise ni l&#8217;AIA Canada ne se pr\u00e9senteront comme les mandataires de l&#8217;autre.<\/li><li>Aucune des parties ne sera tenue pour responsable envers l&#8217;autre en cas de retards ou de d\u00e9faillances dans la performance caus\u00e9s par des causes qui ne lui sont pas imputables.<\/li><li>Tout avis exig\u00e9 ou autoris\u00e9 par l\u2019une ou l\u2019autre des parties en vertu du pr\u00e9sent accord doit \u00eatre donn\u00e9 par \u00e9crit.<\/li><li>L&#8217;absence d&#8217;application d&#8217;une disposition du pr\u00e9sent accord par une partie ne sera pas interpr\u00e9t\u00e9e comme une renonciation \u00e0 l&#8217;application future de cette disposition ou d&#8217;une autre disposition.<\/li><li>Toute renonciation ou modification d\u2019une disposition de la pr\u00e9sente entente ne sera en vigueur que si elle est faite par \u00e9crit et sign\u00e9e par les parties.<\/li><li>La pr\u00e9sente entente doit \u00eatre interpr\u00e9t\u00e9e en vertu des lois de la province d\u2019Ontario, au Canada.<\/li><li>La pr\u00e9sente convention lie les successeurs et ayants droit.<\/li><li>Cette entente, ainsi que toutes les annexes qui y sont ajout\u00e9es par renvoi, repr\u00e9sente l&#8217;accord complet entre les parties concernant l&#8217;objet de cette entente et remplace et annule tous les ententes ou accords pr\u00e9c\u00e9dents et actuels, qu&#8217;ils soient \u00e9crits ou oraux, concernant le sujet.<\/li><\/ul>\t\t\t\t\t\t<\/div>\n\t\t\t\t<\/div>\n\t\t\t\t\t<\/div>\n\t\t<\/div>\n\t\t\t\t\t<\/div>\n\t\t<\/section>\n\t\t\t\t<\/div>\n\t\t","protected":false},"excerpt":{"rendered":"<p>Collecte et divulgation de renseignements personnels En tant qu\u2019exposant, votre nom, titre et organisation seront divulgu\u00e9s dans la liste des participants aux \u00e9v\u00e9nements. Les listes de participants aux \u00e9v\u00e9nements peuvent \u00eatre partag\u00e9es avec d\u2019autres membres de l&#8217;AIA Canada et d\u2019autres organisations r\u00e9put\u00e9es associ\u00e9es \u00e0 l&#8217;AIA Canada au sujet de l\u2019\u00e9v\u00e9nement concern\u00e9, sur demande. Pour plus [&hellip;]<\/p>\n","protected":false},"author":15,"featured_media":2010,"parent":2956,"menu_order":0,"comment_status":"closed","ping_status":"closed","template":"","meta":{"_acf_changed":false,"footnotes":""},"class_list":["post-2957","page","type-page","status-publish","has-post-thumbnail","hentry"],"acf":[],"aioseo_notices":[],"_links":{"self":[{"href":"https:\/\/collision.aiacanada.com\/fr\/wp-json\/wp\/v2\/pages\/2957","targetHints":{"allow":["GET"]}}],"collection":[{"href":"https:\/\/collision.aiacanada.com\/fr\/wp-json\/wp\/v2\/pages"}],"about":[{"href":"https:\/\/collision.aiacanada.com\/fr\/wp-json\/wp\/v2\/types\/page"}],"author":[{"embeddable":true,"href":"https:\/\/collision.aiacanada.com\/fr\/wp-json\/wp\/v2\/users\/15"}],"replies":[{"embeddable":true,"href":"https:\/\/collision.aiacanada.com\/fr\/wp-json\/wp\/v2\/comments?post=2957"}],"version-history":[{"count":0,"href":"https:\/\/collision.aiacanada.com\/fr\/wp-json\/wp\/v2\/pages\/2957\/revisions"}],"up":[{"embeddable":true,"href":"https:\/\/collision.aiacanada.com\/fr\/wp-json\/wp\/v2\/pages\/2956"}],"wp:featuredmedia":[{"embeddable":true,"href":"https:\/\/collision.aiacanada.com\/fr\/wp-json\/wp\/v2\/media\/2010"}],"wp:attachment":[{"href":"https:\/\/collision.aiacanada.com\/fr\/wp-json\/wp\/v2\/media?parent=2957"}],"curies":[{"name":"wp","href":"https:\/\/api.w.org\/{rel}","templated":true}]}}