{"id":2956,"date":"2024-08-29T14:50:06","date_gmt":"2024-08-29T18:50:06","guid":{"rendered":"https:\/\/collision.aiacanada.com\/?page_id=2956"},"modified":"2026-02-09T12:57:31","modified_gmt":"2026-02-09T17:57:31","slug":"devenez-un-exposant-de-la-foire-commerciale-du-ccif","status":"publish","type":"page","link":"https:\/\/collision.aiacanada.com\/fr\/devenez-un-exposant-de-la-foire-commerciale-du-ccif\/","title":{"rendered":"Devenez un exposant de la foire commerciale du CCIF"},"content":{"rendered":"\t\t<div data-elementor-type=\"wp-page\" data-elementor-id=\"2956\" class=\"elementor elementor-2956 elementor-2013\" data-elementor-post-type=\"page\">\n\t\t\t\t\t\t<section class=\"elementor-section elementor-top-section elementor-element elementor-element-3c6a88f elementor-section-boxed elementor-section-height-default elementor-section-height-default\" data-id=\"3c6a88f\" data-element_type=\"section\">\n\t\t\t\t\t\t<div class=\"elementor-container elementor-column-gap-default\">\n\t\t\t\t\t<div class=\"elementor-column elementor-col-100 elementor-top-column elementor-element elementor-element-0a0b2a3\" data-id=\"0a0b2a3\" data-element_type=\"column\">\n\t\t\t<div class=\"elementor-widget-wrap elementor-element-populated\">\n\t\t\t\t\t\t<div class=\"elementor-element elementor-element-667326f elementor-widget elementor-widget-text-editor\" data-id=\"667326f\" data-element_type=\"widget\" data-widget_type=\"text-editor.default\">\n\t\t\t\t<div class=\"elementor-widget-container\">\n\t\t\t\t\t\t\t<p>Le Forum canadien de l&#8217;industrie de la carrosserie (CCIF) Toronto revient \u00e0 la Conf\u00e9rence de l\u2019industrie canadienne de l&#8217;entretien et de la r\u00e9paration automobile (CAIC). La CAIC est un \u00e9v\u00e9nement de deux jours qui rassemble des experts de la m\u00e9canique et de la carrosserie afin de discuter des sujets d&#8217;actualit\u00e9, des tendances de l&#8217;industrie, des d\u00e9fis et de l&#8217;\u00e9tat du secteur de l&#8217;entretien et de la r\u00e9paration automobile.<\/p><p><strong>La foire commerciale du CCIF \u2013 un \u00e9v\u00e9nement exclusif d\u2019une journ\u00e9e con\u00e7u sp\u00e9cialement pour les professionnels de l\u2019industrie de la carrosserie \u2013 aura lieu le 12 mars 2026, pendant la CAIC.<\/strong><\/p>\t\t\t\t\t\t<\/div>\n\t\t\t\t<\/div>\n\t\t\t\t<div class=\"elementor-element elementor-element-ad81857 elementor-align-center elementor-widget elementor-widget-button\" data-id=\"ad81857\" data-element_type=\"widget\" data-widget_type=\"button.default\">\n\t\t\t\t<div class=\"elementor-widget-container\">\n\t\t\t\t\t\t\t<div class=\"elementor-button-wrapper\">\n\t\t\t\t\t<a class=\"elementor-button elementor-button-link elementor-size-sm\" href=\"#form\">\n\t\t\t\t\t\t<span class=\"elementor-button-content-wrapper\">\n\t\t\t\t\t\t\t\t\t<span class=\"elementor-button-text\">Je veux pr\u00e9senter une demande<\/span>\n\t\t\t\t\t<\/span>\n\t\t\t\t\t<\/a>\n\t\t\t\t<\/div>\n\t\t\t\t\t\t<\/div>\n\t\t\t\t<\/div>\n\t\t\t\t\t<\/div>\n\t\t<\/div>\n\t\t\t\t\t<\/div>\n\t\t<\/section>\n\t\t\t\t<section class=\"elementor-section elementor-top-section elementor-element elementor-element-0c0857e elementor-section-boxed elementor-section-height-default elementor-section-height-default\" data-id=\"0c0857e\" data-element_type=\"section\">\n\t\t\t\t\t\t<div class=\"elementor-container elementor-column-gap-default\">\n\t\t\t\t\t<div class=\"elementor-column elementor-col-100 elementor-top-column elementor-element elementor-element-8d6cec9\" data-id=\"8d6cec9\" data-element_type=\"column\">\n\t\t\t<div class=\"elementor-widget-wrap elementor-element-populated\">\n\t\t\t\t\t\t<div class=\"elementor-element elementor-element-9795f09 elementor-widget elementor-widget-heading\" data-id=\"9795f09\" data-element_type=\"widget\" data-widget_type=\"heading.default\">\n\t\t\t\t<div class=\"elementor-widget-container\">\n\t\t\t<h2 class=\"elementor-heading-title elementor-size-default\">Qu\u2019est-ce que la foire commerciale du CCIF ?<\/h2>\t\t<\/div>\n\t\t\t\t<\/div>\n\t\t\t\t<div class=\"elementor-element elementor-element-ae2b6d4 elementor-widget elementor-widget-spacer\" data-id=\"ae2b6d4\" data-element_type=\"widget\" data-widget_type=\"spacer.default\">\n\t\t\t\t<div class=\"elementor-widget-container\">\n\t\t\t\t\t<div class=\"elementor-spacer\">\n\t\t\t<div class=\"elementor-spacer-inner\"><\/div>\n\t\t<\/div>\n\t\t\t\t<\/div>\n\t\t\t\t<\/div>\n\t\t\t\t<div class=\"elementor-element elementor-element-a661767 elementor-widget elementor-widget-text-editor\" data-id=\"a661767\" data-element_type=\"widget\" data-widget_type=\"text-editor.default\">\n\t\t\t\t<div class=\"elementor-widget-container\">\n\t\t\t\t\t\t\t<p>La foire commerciale du CCIF offre aux exposants une occasion unique de communiquer directement avec les principaux d\u00e9cideurs du secteur de la r\u00e9paration de carrosserie. Engagez un public cible comprenant des carrossiers, des repr\u00e9sentants d\u2019entreprise, des assureurs, des fabricants d&#8217;\u00e9quipements d&#8217;origine (F\u00c9Os) et bien d\u2019autres encore, le tout r\u00e9uni en un seul lieu. En tant qu\u2019exposant vous pourrez mettre en avant vos produits et services les plus r\u00e9cents, \u00e9tablir des relations d\u2019affaires pr\u00e9cieuses et consolider votre position dans le secteur. Ne manquez pas cette occasion de rehausser votre marque lors de l\u2019un des \u00e9v\u00e9nements phares de l\u2019ann\u00e9e ax\u00e9s sur la carrosserie.<\/p><p>Les demandes de participation \u00e0 la foire commerciale du CCIF sont offertes \u00e0 toute entreprise du secteur de la carrosserie de l\u2019industrie de l\u2019entretien et de la r\u00e9paration automobile. <strong>La date limite pour pr\u00e9senter une demande pour devenir exposant est le 27<\/strong><strong>\u00a0f\u00e9vrier<\/strong><strong> 2026.<\/strong><\/p>\t\t\t\t\t\t<\/div>\n\t\t\t\t<\/div>\n\t\t\t\t<div class=\"elementor-element elementor-element-6f09ff2 elementor-widget elementor-widget-text-editor\" data-id=\"6f09ff2\" data-element_type=\"widget\" data-widget_type=\"text-editor.default\">\n\t\t\t\t<div class=\"elementor-widget-container\">\n\t\t\t\t\t\t\t<h3><strong>Lieu<\/strong><\/h3>\t\t\t\t\t\t<\/div>\n\t\t\t\t<\/div>\n\t\t\t\t<div class=\"elementor-element elementor-element-611afc1 elementor-widget elementor-widget-text-editor\" data-id=\"611afc1\" data-element_type=\"widget\" data-widget_type=\"text-editor.default\">\n\t\t\t\t<div class=\"elementor-widget-container\">\n\t\t\t\t\t\t\t<p>Delta Hotels Toronto Airport &amp; Conference Centre<\/p><p>Hall d&#8217;entr\u00e9e de la Plaza<br \/>655 Dixon Rd <br \/>Toronto (Ontario) M9W 1J3<\/p>\t\t\t\t\t\t<\/div>\n\t\t\t\t<\/div>\n\t\t\t\t\t<\/div>\n\t\t<\/div>\n\t\t\t\t\t<\/div>\n\t\t<\/section>\n\t\t\t\t<section class=\"elementor-section elementor-top-section elementor-element elementor-element-41cccac elementor-section-boxed elementor-section-height-default elementor-section-height-default\" data-id=\"41cccac\" data-element_type=\"section\">\n\t\t\t\t\t\t<div class=\"elementor-container elementor-column-gap-default\">\n\t\t\t\t\t<div class=\"elementor-column elementor-col-50 elementor-top-column elementor-element elementor-element-0d54d57\" data-id=\"0d54d57\" data-element_type=\"column\">\n\t\t\t<div class=\"elementor-widget-wrap elementor-element-populated\">\n\t\t\t\t\t\t<div class=\"elementor-element elementor-element-7c6eb25 elementor-widget elementor-widget-text-editor\" data-id=\"7c6eb25\" data-element_type=\"widget\" data-widget_type=\"text-editor.default\">\n\t\t\t\t<div class=\"elementor-widget-container\">\n\t\t\t\t\t\t\t<h3>Horaire<\/h3>\t\t\t\t\t\t<\/div>\n\t\t\t\t<\/div>\n\t\t\t\t<div class=\"elementor-element elementor-element-dc9a1ed elementor-widget elementor-widget-text-editor\" data-id=\"dc9a1ed\" data-element_type=\"widget\" data-widget_type=\"text-editor.default\">\n\t\t\t\t<div class=\"elementor-widget-container\">\n\t\t\t\t\t\t\t<h4><strong>Mardi 10 mars 2026 \u2013 Jeudi 12 mars 2026<\/strong><\/h4><p>Entreposage des fournisseurs : 8 h &#8211; 16 h (Windsor)<\/p><h4><strong>Mercredi 11 mars 2026<\/strong><\/h4><p>R\u00e9ception de r\u00e9seautage du CAIC : 16 h &#8211; 19 h<\/p><p><strong>Installation des exposants :<\/strong> Suite \u00e0 vos commentaires, nous sommes heureux d\u2019offrir une p\u00e9riode suppl\u00e9mentaire pour l\u2019installation des exposants le <strong>mercredi 11 mars 2026, de 19 h \u00e0 21 h<\/strong>\u00a0(Foyer de la Plaza)<\/p>\t\t\t\t\t\t<\/div>\n\t\t\t\t<\/div>\n\t\t\t\t<div class=\"elementor-element elementor-element-ab4e11f elementor-widget elementor-widget-text-editor\" data-id=\"ab4e11f\" data-element_type=\"widget\" data-widget_type=\"text-editor.default\">\n\t\t\t\t<div class=\"elementor-widget-container\">\n\t\t\t\t\t\t\t<h4><strong>Jeudi 12 mars 2026<\/strong><\/h4><p>Installation des exposants : 5 h \u2013 7 h (Foyer de la Plaza)<\/p><p>Petit-d\u00e9jeuner et foire commerciale : 7 h 30 \u2013 8 h 30 (Foyer de la Plaza)<\/p><p>S\u00e9ances de la conf\u00e9rence : 8 h 30 \u2013 9 h 45 (Salon de la Plaza)<\/p><p>Pause r\u00e9seautage et foire commerciale : 9 h 45 \u2013 10 h 30 (Foyer de la Plaza)<\/p><p>S\u00e9ances de la conf\u00e9rence : 10 h 45 \u2013 12 h (Salon de la Plaza)<\/p><p>D\u00e9jeuner et foire commerciale : 12 h \u2013 13 h 30 (Foyer de la Plaza)<\/p><p>S\u00e9ances de la conf\u00e9rence : 13 h 30 \u2013 15 h (Salon de la Plaza)<\/p><p>D\u00e9montage et d\u00e9part des exposants : 15 h \u2013 17 h (Foyer de la Plaza)<\/p><p><em>L\u2019horaire est sujet \u00e0 des changements.<\/em><\/p>\t\t\t\t\t\t<\/div>\n\t\t\t\t<\/div>\n\t\t\t\t\t<\/div>\n\t\t<\/div>\n\t\t\t\t<div class=\"elementor-column elementor-col-50 elementor-top-column elementor-element elementor-element-0fa1016\" data-id=\"0fa1016\" data-element_type=\"column\">\n\t\t\t<div class=\"elementor-widget-wrap elementor-element-populated\">\n\t\t\t\t\t\t<div class=\"elementor-element elementor-element-586085d elementor-widget elementor-widget-text-editor\" data-id=\"586085d\" data-element_type=\"widget\" data-widget_type=\"text-editor.default\">\n\t\t\t\t<div class=\"elementor-widget-container\">\n\t\t\t\t\t\t\t<h3><strong>Directives d\u2019exp\u00e9dition et de configuration des exposants<\/strong><\/h3>\t\t\t\t\t\t<\/div>\n\t\t\t\t<\/div>\n\t\t\t\t<div class=\"elementor-element elementor-element-495a999 elementor-widget elementor-widget-text-editor\" data-id=\"495a999\" data-element_type=\"widget\" data-widget_type=\"text-editor.default\">\n\t\t\t\t<div class=\"elementor-widget-container\">\n\t\t\t\t\t\t\t<p>Les exposants sont charg\u00e9s de g\u00e9rer l\u2019exp\u00e9dition directement au lieu de l\u2019\u00e9v\u00e9nement en utilisant le transporteur de leur choix. Les envois ne doivent pas \u00eatre re\u00e7us avant le lundi 9 mars 2026. Si les envois sont re\u00e7us avant cette date, le Delta Hotels Toronto Airport &amp; Conference Centre refusera l\u2019envoi. Le Delta Hotels Toronto Airport &amp; Conference Centre, l\u2019AIA Canada et le CCIF n\u2019assument aucune responsabilit\u00e9 pour les envois refus\u00e9s, manqu\u00e9s ou retourn\u00e9s. Les exposants sont responsables de la collecte de leurs bo\u00eetes dans la salle d\u2019entreposage sur place du Delta Hotels Toronto Airport &amp; Conference Centre.<\/p><p>Les exposants ne sont pas autoris\u00e9s \u00e0 s\u2019installer avant le jeudi 12 mars \u00e0 5 h. Tous les montages doivent \u00eatre termin\u00e9s avant 7 h. Absolument aucune exception. Une salle d\u2019entreposage pour les exposants sera offerte du mardi 10 mars au jeudi 12 mars.<\/p><p>Les exposants ne sont pas autoris\u00e9s \u00e0 d\u00e9monter avant 15 h le jeudi 12 mars 2026. Absolument aucune exception. Les exposants sont responsables de l\u2019organisation de leur exp\u00e9dition de retour depuis l\u2019h\u00f4tel Delta Hotels Toronto Airport &amp; Conference Centre. Tous les articles doivent \u00eatre retir\u00e9s du lieu de l\u2019\u00e9v\u00e9nement avant 17 h le jeudi 12 mars 2026. Tous les articles, y compris les bo\u00eetes en carton laiss\u00e9es apr\u00e8s cette date et cette heure, seront jet\u00e9s aux frais de l\u2019exposant.<\/p><p>Tous les exposants confirm\u00e9s recevront des instructions pr\u00e9cises pour l\u2019exp\u00e9dition vers et depuis le lieu de l\u2019\u00e9v\u00e9nement avant l\u2019\u00e9v\u00e9nement.<\/p>\t\t\t\t\t\t<\/div>\n\t\t\t\t<\/div>\n\t\t\t\t\t<\/div>\n\t\t<\/div>\n\t\t\t\t\t<\/div>\n\t\t<\/section>\n\t\t\t\t<section class=\"elementor-section elementor-top-section elementor-element elementor-element-2efa07a elementor-section-boxed elementor-section-height-default elementor-section-height-default\" data-id=\"2efa07a\" data-element_type=\"section\">\n\t\t\t\t\t\t<div class=\"elementor-container elementor-column-gap-default\">\n\t\t\t\t\t<div class=\"elementor-column elementor-col-100 elementor-top-column elementor-element elementor-element-f322168\" data-id=\"f322168\" data-element_type=\"column\">\n\t\t\t<div class=\"elementor-widget-wrap elementor-element-populated\">\n\t\t\t\t\t\t<div class=\"elementor-element elementor-element-cf7709b elementor-widget elementor-widget-text-editor\" data-id=\"cf7709b\" data-element_type=\"widget\" data-widget_type=\"text-editor.default\">\n\t\t\t\t<div class=\"elementor-widget-container\">\n\t\t\t\t\t\t\t<h3><strong>Prix pour table d&#8217;exposition<\/strong><\/h3>\t\t\t\t\t\t<\/div>\n\t\t\t\t<\/div>\n\t\t\t\t<div class=\"elementor-element elementor-element-ba90cb4 elementor-widget elementor-widget-text-editor\" data-id=\"ba90cb4\" data-element_type=\"widget\" data-widget_type=\"text-editor.default\">\n\t\t\t\t<div class=\"elementor-widget-container\">\n\t\t\t\t\t\t\t<p>Commanditaire du CCIF : 1\u2009575,00 $<\/p><p>Non-commanditaire : 1837,00 $<\/p><p><em>Toutes les tables sont soumises \u00e0 une TVH de 13 pour cent.\u00a0<\/em><\/p><p><strong style=\"color: var( --e-global-color-text );\">Inclus avec la table\u00a0:<\/strong><\/p><ul><li>Une (1) table drap\u00e9e de 6 pieds<\/li><li>Une (1) inscription gratuite pour le representant de votre table**<\/li><li>Acc\u00e8s Wi-Fi gratuit<\/li><\/ul><p><em>**<strong>Inscription requise.<\/strong> Un lien d\u2019inscription sera fourni dans le courriel d\u2019approbation. L\u2019inscription gratuite de l\u2019exposant comprend\u00a0:<\/em><\/p><ul><li><em>Entr\u00e9e \u00e0 la r\u00e9ception de r\u00e9seautage CAIC le 11 mars 2026<\/em><\/li><li><em>Acc\u00e8s \u00e0 toutes les s\u00e9ances g\u00e9n\u00e9rales et simultan\u00e9es le 12 mars 2026<\/em><\/li><li><em>Petit-d\u00e9jeuner continental, d\u00e9jeuner et rafra\u00eechissements le 12 mars 2026<\/em><\/li><\/ul>\t\t\t\t\t\t<\/div>\n\t\t\t\t<\/div>\n\t\t\t\t<div class=\"elementor-element elementor-element-90a82fe elementor-widget elementor-widget-spacer\" data-id=\"90a82fe\" data-element_type=\"widget\" data-widget_type=\"spacer.default\">\n\t\t\t\t<div class=\"elementor-widget-container\">\n\t\t\t\t\t<div class=\"elementor-spacer\">\n\t\t\t<div class=\"elementor-spacer-inner\"><\/div>\n\t\t<\/div>\n\t\t\t\t<\/div>\n\t\t\t\t<\/div>\n\t\t\t\t<div class=\"elementor-element elementor-element-1093281 elementor-widget elementor-widget-text-editor\" data-id=\"1093281\" data-element_type=\"widget\" data-widget_type=\"text-editor.default\">\n\t\t\t\t<div class=\"elementor-widget-container\">\n\t\t\t\t\t\t\t<p>Les banni\u00e8res et les toiles de fond sont autoris\u00e9es. Elles doivent \u00eatre plac\u00e9es derri\u00e8re la table dans l\u2019espace d\u00e9sign\u00e9.<\/p><p>Les services audiovisuels, d\u2019alimentation et de connexion \u00e0 l&#8217;Internet ne sont pas inclus. Si vous avez besoin de ces services \u00e0 votre table, ils doivent \u00eatre command\u00e9s directement par Encore \u00e0 vos frais. Les renseignements sur la commande se trouvent dans le manuel des exposants, dans le courriel d\u2019approbation.<\/p><p>Il y a un maximum d&#8217;une table par entreprise. La s\u00e9lection des tables est bas\u00e9e sur le principe du premier arriv\u00e9, premier servi et sera confirm\u00e9e apr\u00e8s l&#8217;approbation de la demande.<\/p>\t\t\t\t\t\t<\/div>\n\t\t\t\t<\/div>\n\t\t\t\t<section class=\"elementor-section elementor-inner-section elementor-element elementor-element-0ab87ac elementor-section-boxed elementor-section-height-default elementor-section-height-default\" data-id=\"0ab87ac\" data-element_type=\"section\">\n\t\t\t\t\t\t<div class=\"elementor-container elementor-column-gap-default\">\n\t\t\t\t\t<div class=\"elementor-column elementor-col-33 elementor-inner-column elementor-element elementor-element-38b776b\" data-id=\"38b776b\" data-element_type=\"column\">\n\t\t\t<div class=\"elementor-widget-wrap\">\n\t\t\t\t\t\t\t<\/div>\n\t\t<\/div>\n\t\t\t\t<div class=\"elementor-column elementor-col-33 elementor-inner-column elementor-element elementor-element-90a8f72\" data-id=\"90a8f72\" data-element_type=\"column\">\n\t\t\t<div class=\"elementor-widget-wrap elementor-element-populated\">\n\t\t\t\t\t\t<div class=\"elementor-element elementor-element-5583de5 elementor-widget elementor-widget-image\" data-id=\"5583de5\" data-element_type=\"widget\" data-widget_type=\"image.default\">\n\t\t\t\t<div class=\"elementor-widget-container\">\n\t\t\t\t\t\t\t\t\t\t\t\t\t<img fetchpriority=\"high\" decoding=\"async\" width=\"800\" height=\"880\" src=\"https:\/\/collision.aiacanada.com\/wp-content\/uploads\/2025\/06\/CCIF-Vendor-Showcase-site-map-2026-1.png\" class=\"attachment-large size-large wp-image-12318\" alt=\"\" srcset=\"https:\/\/collision.aiacanada.com\/wp-content\/uploads\/2025\/06\/CCIF-Vendor-Showcase-site-map-2026-1.png 838w, https:\/\/collision.aiacanada.com\/wp-content\/uploads\/2025\/06\/CCIF-Vendor-Showcase-site-map-2026-1-273x300.png 273w, https:\/\/collision.aiacanada.com\/wp-content\/uploads\/2025\/06\/CCIF-Vendor-Showcase-site-map-2026-1-768x845.png 768w\" sizes=\"(max-width: 800px) 100vw, 800px\" \/>\t\t\t\t\t\t\t\t\t\t\t\t\t<\/div>\n\t\t\t\t<\/div>\n\t\t\t\t\t<\/div>\n\t\t<\/div>\n\t\t\t\t<div class=\"elementor-column elementor-col-33 elementor-inner-column elementor-element elementor-element-b43e3e0\" data-id=\"b43e3e0\" data-element_type=\"column\">\n\t\t\t<div class=\"elementor-widget-wrap\">\n\t\t\t\t\t\t\t<\/div>\n\t\t<\/div>\n\t\t\t\t\t<\/div>\n\t\t<\/section>\n\t\t\t\t<div class=\"elementor-element elementor-element-755523a elementor-widget elementor-widget-text-editor\" data-id=\"755523a\" data-element_type=\"widget\" data-widget_type=\"text-editor.default\">\n\t\t\t\t<div class=\"elementor-widget-container\">\n\t\t\t\t\t\t\t<p><strong>Veuillez noter que toutes les demandes de tables sont en attente<\/strong> <strong>d\u2019\u00e9valuation et doivent \u00eatre approuv\u00e9es par l\u2019AIA Canada.<\/strong><\/p><p>Les places sont limit\u00e9es et disponibles selon le principe du premier arriv\u00e9, premier servi. <strong>La date limite pour pr\u00e9senter une demande d\u2019exposant est le 27 f\u00e9vrier 2026.<\/strong><\/p>\t\t\t\t\t\t<\/div>\n\t\t\t\t<\/div>\n\t\t\t\t<div class=\"elementor-element elementor-element-43d5f6d elementor-align-center elementor-widget elementor-widget-button\" data-id=\"43d5f6d\" data-element_type=\"widget\" data-widget_type=\"button.default\">\n\t\t\t\t<div class=\"elementor-widget-container\">\n\t\t\t\t\t\t\t<div class=\"elementor-button-wrapper\">\n\t\t\t\t\t<a class=\"elementor-button elementor-button-link elementor-size-sm\" href=\"#form\">\n\t\t\t\t\t\t<span class=\"elementor-button-content-wrapper\">\n\t\t\t\t\t\t\t\t\t<span class=\"elementor-button-text\">Je veux pr\u00e9senter une demande<\/span>\n\t\t\t\t\t<\/span>\n\t\t\t\t\t<\/a>\n\t\t\t\t<\/div>\n\t\t\t\t\t\t<\/div>\n\t\t\t\t<\/div>\n\t\t\t\t\t<\/div>\n\t\t<\/div>\n\t\t\t\t\t<\/div>\n\t\t<\/section>\n\t\t\t\t<section class=\"elementor-section elementor-top-section elementor-element elementor-element-9a27d69 elementor-section-boxed elementor-section-height-default elementor-section-height-default\" data-id=\"9a27d69\" data-element_type=\"section\">\n\t\t\t\t\t\t<div class=\"elementor-container elementor-column-gap-default\">\n\t\t\t\t\t<div class=\"elementor-column elementor-col-100 elementor-top-column elementor-element elementor-element-d4f771c\" data-id=\"d4f771c\" data-element_type=\"column\">\n\t\t\t<div class=\"elementor-widget-wrap elementor-element-populated\">\n\t\t\t\t\t\t<div class=\"elementor-element elementor-element-822d5d9 elementor-widget elementor-widget-heading\" data-id=\"822d5d9\" data-element_type=\"widget\" data-widget_type=\"heading.default\">\n\t\t\t\t<div class=\"elementor-widget-container\">\n\t\t\t<h2 class=\"elementor-heading-title elementor-size-default\">Pr\u00e9senter une demande d\u00e8s maintenant<\/h2>\t\t<\/div>\n\t\t\t\t<\/div>\n\t\t\t\t\t<\/div>\n\t\t<\/div>\n\t\t\t\t\t<\/div>\n\t\t<\/section>\n\t\t\t\t<section class=\"elementor-section elementor-top-section elementor-element elementor-element-6e60210 elementor-section-boxed elementor-section-height-default elementor-section-height-default\" data-id=\"6e60210\" data-element_type=\"section\">\n\t\t\t\t\t\t<div class=\"elementor-container elementor-column-gap-default\">\n\t\t\t\t\t<div class=\"elementor-column elementor-col-100 elementor-top-column elementor-element elementor-element-f8c9ab5\" data-id=\"f8c9ab5\" data-element_type=\"column\">\n\t\t\t<div class=\"elementor-widget-wrap elementor-element-populated\">\n\t\t\t\t\t\t<div class=\"elementor-element elementor-element-a2f9806 elementor-widget elementor-widget-menu-anchor\" data-id=\"a2f9806\" data-element_type=\"widget\" data-widget_type=\"menu-anchor.default\">\n\t\t\t\t<div class=\"elementor-widget-container\">\n\t\t\t\t\t<div class=\"elementor-menu-anchor\" id=\"form\"><\/div>\n\t\t\t\t<\/div>\n\t\t\t\t<\/div>\n\t\t\t\t<div class=\"elementor-element elementor-element-49f7234 elementor-widget elementor-widget-text-editor\" data-id=\"49f7234\" data-element_type=\"widget\" data-widget_type=\"text-editor.default\">\n\t\t\t\t<div class=\"elementor-widget-container\">\n\t\t\t\t\t\t\t<p>Les demandes de participation \u00e0 la foire commerciale du CCIF sont ouvertes \u00e0 toute entreprise du secteur de la carrosserie de l\u2019industrie de l&#8217;entretien et de la r\u00e9paration automobile.<\/p><p>Les places sont limit\u00e9es et disponibles selon le principe du premier arriv\u00e9, premier servi.<\/p><p><strong>Remplissez le formulaire de demande ci-dessous d\u2019ici le 27<span class=\"TrackChangeTextInsertion TrackedChange SCXW211056116 BCX0\"><span class=\"TextRun SCXW211056116 BCX0\" lang=\"FR-CA\" xml:lang=\"FR-CA\" data-contrast=\"auto\"><span class=\"NormalTextRun CommentHighlightRest SCXW211056116 BCX0\">\u00a0f\u00e9vrier<\/span><\/span><\/span> 2026 pour pr\u00e9senter une demande de participation \u00e0 la foire commerciale du CCIF.<\/strong><\/p>\t\t\t\t\t\t<\/div>\n\t\t\t\t<\/div>\n\t\t\t\t\t<\/div>\n\t\t<\/div>\n\t\t\t\t\t<\/div>\n\t\t<\/section>\n\t\t\t\t<section class=\"elementor-section elementor-top-section elementor-element elementor-element-40f0042 elementor-section-boxed elementor-section-height-default elementor-section-height-default\" data-id=\"40f0042\" data-element_type=\"section\">\n\t\t\t\t\t\t<div class=\"elementor-container elementor-column-gap-default\">\n\t\t\t\t\t<div class=\"elementor-column elementor-col-100 elementor-top-column elementor-element elementor-element-c4fd453\" data-id=\"c4fd453\" data-element_type=\"column\">\n\t\t\t<div class=\"elementor-widget-wrap elementor-element-populated\">\n\t\t\t\t\t\t<div class=\"elementor-element elementor-element-a56a90a elementor-widget elementor-widget-shortcode\" data-id=\"a56a90a\" data-element_type=\"widget\" data-widget_type=\"shortcode.default\">\n\t\t\t\t<div class=\"elementor-widget-container\">\n\t\t\t\t\t<div class=\"elementor-shortcode\"><p>Veuillez noter que les demandes d'inscription \u00e0 la Foire commerciale du CCIF dans le cadre de la Conf\u00e9rence de l\u2019industrie canadienne de l'entretien et de la r\u00e9paration automobile 2025 sont maintenant termin\u00e9es.<\/p><\/div>\n\t\t\t\t<\/div>\n\t\t\t\t<\/div>\n\t\t\t\t\t<\/div>\n\t\t<\/div>\n\t\t\t\t\t<\/div>\n\t\t<\/section>\n\t\t\t\t<section class=\"elementor-section elementor-top-section elementor-element elementor-element-9ee59e1 elementor-section-boxed elementor-section-height-default elementor-section-height-default\" data-id=\"9ee59e1\" data-element_type=\"section\">\n\t\t\t\t\t\t<div class=\"elementor-container elementor-column-gap-default\">\n\t\t\t\t\t<div class=\"elementor-column elementor-col-100 elementor-top-column elementor-element elementor-element-aeed6bd\" data-id=\"aeed6bd\" data-element_type=\"column\">\n\t\t\t<div class=\"elementor-widget-wrap\">\n\t\t\t\t\t\t\t<\/div>\n\t\t<\/div>\n\t\t\t\t\t<\/div>\n\t\t<\/section>\n\t\t\t\t<\/div>\n\t\t","protected":false},"excerpt":{"rendered":"<p>Le Forum canadien de l&#8217;industrie de la carrosserie (CCIF) Toronto revient \u00e0 la Conf\u00e9rence de l\u2019industrie canadienne de l&#8217;entretien et de la r\u00e9paration automobile (CAIC). La CAIC est un \u00e9v\u00e9nement de deux jours qui rassemble des experts de la m\u00e9canique et de la carrosserie afin de discuter des sujets d&#8217;actualit\u00e9, des tendances de l&#8217;industrie, des [&hellip;]<\/p>\n","protected":false},"author":15,"featured_media":2010,"parent":0,"menu_order":0,"comment_status":"closed","ping_status":"closed","template":"","meta":{"_acf_changed":false,"footnotes":""},"class_list":["post-2956","page","type-page","status-publish","has-post-thumbnail","hentry"],"acf":[],"aioseo_notices":[],"_links":{"self":[{"href":"https:\/\/collision.aiacanada.com\/fr\/wp-json\/wp\/v2\/pages\/2956","targetHints":{"allow":["GET"]}}],"collection":[{"href":"https:\/\/collision.aiacanada.com\/fr\/wp-json\/wp\/v2\/pages"}],"about":[{"href":"https:\/\/collision.aiacanada.com\/fr\/wp-json\/wp\/v2\/types\/page"}],"author":[{"embeddable":true,"href":"https:\/\/collision.aiacanada.com\/fr\/wp-json\/wp\/v2\/users\/15"}],"replies":[{"embeddable":true,"href":"https:\/\/collision.aiacanada.com\/fr\/wp-json\/wp\/v2\/comments?post=2956"}],"version-history":[{"count":0,"href":"https:\/\/collision.aiacanada.com\/fr\/wp-json\/wp\/v2\/pages\/2956\/revisions"}],"wp:featuredmedia":[{"embeddable":true,"href":"https:\/\/collision.aiacanada.com\/fr\/wp-json\/wp\/v2\/media\/2010"}],"wp:attachment":[{"href":"https:\/\/collision.aiacanada.com\/fr\/wp-json\/wp\/v2\/media?parent=2956"}],"curies":[{"name":"wp","href":"https:\/\/api.w.org\/{rel}","templated":true}]}}