{"id":1547,"date":"2024-03-08T10:19:20","date_gmt":"2024-03-08T15:19:20","guid":{"rendered":"https:\/\/collisionaiac.wpenginepowered.com\/?page_id=1547"},"modified":"2024-03-20T08:50:21","modified_gmt":"2024-03-20T12:50:21","slug":"education-et-formation","status":"publish","type":"page","link":"https:\/\/collision.aiacanada.com\/fr\/carrieres-et-formation\/education-et-formation\/","title":{"rendered":"\u00c9ducation et formation"},"content":{"rendered":"\t\t<div data-elementor-type=\"wp-page\" data-elementor-id=\"1547\" class=\"elementor elementor-1547 elementor-1546\" data-elementor-post-type=\"page\">\n\t\t\t\t\t\t<section class=\"elementor-section elementor-top-section elementor-element elementor-element-5d44d8d elementor-section-boxed elementor-section-height-default elementor-section-height-default\" data-id=\"5d44d8d\" data-element_type=\"section\">\n\t\t\t\t\t\t<div class=\"elementor-container elementor-column-gap-default\">\n\t\t\t\t\t<div class=\"elementor-column elementor-col-100 elementor-top-column elementor-element elementor-element-bdfb0ee\" data-id=\"bdfb0ee\" data-element_type=\"column\">\n\t\t\t<div class=\"elementor-widget-wrap elementor-element-populated\">\n\t\t\t\t\t\t<div class=\"elementor-element elementor-element-fb042ac elementor-widget elementor-widget-text-editor\" data-id=\"fb042ac\" data-element_type=\"widget\" data-widget_type=\"text-editor.default\">\n\t\t\t\t<div class=\"elementor-widget-container\">\n\t\t\t\t\t\t\t<p><span class=\"TextRun Highlight SCXW122913882 BCX0\" lang=\"FR-CA\" xml:lang=\"FR-CA\" data-contrast=\"none\"><span class=\"NormalTextRun SCXW122913882 BCX0\">Dans l\u2019industrie en rapide \u00e9volution d\u2019aujourd\u2019hui, <\/span><\/span><span class=\"TextRun SCXW122913882 BCX0\" lang=\"FR-CA\" xml:lang=\"FR-CA\" data-contrast=\"auto\"><span class=\"NormalTextRun SCXW122913882 BCX0\">il est primordial de maintenir une \u00e9ducation et une mise \u00e0 jour r\u00e9guli\u00e8re avec les derni\u00e8res informations et technologies. Pour en apprendre davantage sur nos options d&#8217;\u00e9ducation et de formation.<\/span><\/span><\/p>\t\t\t\t\t\t<\/div>\n\t\t\t\t<\/div>\n\t\t\t\t\t<\/div>\n\t\t<\/div>\n\t\t\t\t\t<\/div>\n\t\t<\/section>\n\t\t\t\t<section class=\"elementor-section elementor-top-section elementor-element elementor-element-8222717 elementor-section-boxed elementor-section-height-default elementor-section-height-default\" data-id=\"8222717\" data-element_type=\"section\">\n\t\t\t\t\t\t<div class=\"elementor-container elementor-column-gap-default\">\n\t\t\t\t\t<div class=\"elementor-column elementor-col-33 elementor-top-column elementor-element elementor-element-80fe59f\" data-id=\"80fe59f\" data-element_type=\"column\">\n\t\t\t<div class=\"elementor-widget-wrap elementor-element-populated\">\n\t\t\t\t\t\t<div class=\"elementor-element elementor-element-4af004c elementor-widget elementor-widget-image\" data-id=\"4af004c\" data-element_type=\"widget\" data-widget_type=\"image.default\">\n\t\t\t\t<div class=\"elementor-widget-container\">\n\t\t\t\t\t\t\t\t\t\t\t\t\t<img fetchpriority=\"high\" decoding=\"async\" width=\"800\" height=\"534\" src=\"https:\/\/collision.aiacanada.com\/wp-content\/uploads\/2024\/03\/Webinar-IMG-1024x684.jpg\" class=\"attachment-large size-large wp-image-1643\" alt=\"\" srcset=\"https:\/\/collision.aiacanada.com\/wp-content\/uploads\/2024\/03\/Webinar-IMG-1024x684.jpg 1024w, https:\/\/collision.aiacanada.com\/wp-content\/uploads\/2024\/03\/Webinar-IMG-300x200.jpg 300w, https:\/\/collision.aiacanada.com\/wp-content\/uploads\/2024\/03\/Webinar-IMG-768x513.jpg 768w, https:\/\/collision.aiacanada.com\/wp-content\/uploads\/2024\/03\/Webinar-IMG-1536x1025.jpg 1536w, https:\/\/collision.aiacanada.com\/wp-content\/uploads\/2024\/03\/Webinar-IMG.jpg 2048w\" sizes=\"(max-width: 800px) 100vw, 800px\" \/>\t\t\t\t\t\t\t\t\t\t\t\t\t<\/div>\n\t\t\t\t<\/div>\n\t\t\t\t\t<\/div>\n\t\t<\/div>\n\t\t\t\t<div class=\"elementor-column elementor-col-66 elementor-top-column elementor-element elementor-element-b29b947\" data-id=\"b29b947\" data-element_type=\"column\">\n\t\t\t<div class=\"elementor-widget-wrap elementor-element-populated\">\n\t\t\t\t\t\t<div class=\"elementor-element elementor-element-09dcf0d elementor-widget elementor-widget-heading\" data-id=\"09dcf0d\" data-element_type=\"widget\" data-widget_type=\"heading.default\">\n\t\t\t\t<div class=\"elementor-widget-container\">\n\t\t\t<h2 class=\"elementor-heading-title elementor-size-default\">Webinaires ax\u00e9s sur la carrosserie<\/h2>\t\t<\/div>\n\t\t\t\t<\/div>\n\t\t\t\t<div class=\"elementor-element elementor-element-b2222e7 elementor-widget elementor-widget-text-editor\" data-id=\"b2222e7\" data-element_type=\"widget\" data-widget_type=\"text-editor.default\">\n\t\t\t\t<div class=\"elementor-widget-container\">\n\t\t\t\t\t\t\t<p><span class=\"TextRun Highlight SCXW255278498 BCX0\" lang=\"FR-CA\" xml:lang=\"FR-CA\" data-contrast=\"none\"><span class=\"NormalTextRun SCXW255278498 BCX0\">Am\u00e9liorez vos connaissances du secteur de la carrosserie en vous connectant \u00e0 nos webinaires ax\u00e9s sur la carrosserie, couvrant des sujets tels que la gestion, l\u2019augmentation de la formation technique, les d\u00e9fis de l\u2019industrie, et plus<\/span><span class=\"NormalTextRun SCXW255278498 BCX0\"> encore<\/span><span class=\"NormalTextRun SCXW255278498 BCX0\">.<\/span><\/span><span class=\"TextRun SCXW255278498 BCX0\" lang=\"FR-CA\" xml:lang=\"FR-CA\" data-contrast=\"auto\"><span class=\"NormalTextRun SCXW255278498 BCX0\">\u00a0<\/span><\/span><\/p>\t\t\t\t\t\t<\/div>\n\t\t\t\t<\/div>\n\t\t\t\t<div class=\"elementor-element elementor-element-90e3ff0 elementor-widget elementor-widget-button\" data-id=\"90e3ff0\" data-element_type=\"widget\" data-widget_type=\"button.default\">\n\t\t\t\t<div class=\"elementor-widget-container\">\n\t\t\t\t\t\t\t<div class=\"elementor-button-wrapper\">\n\t\t\t\t\t<a class=\"elementor-button elementor-button-link elementor-size-sm\" href=\"\/carrieres-et-formation\/education-et-formation\/webinaires\/\">\n\t\t\t\t\t\t<span class=\"elementor-button-content-wrapper\">\n\t\t\t\t\t\t\t\t\t<span class=\"elementor-button-text\">Visionnez maintenant<\/span>\n\t\t\t\t\t<\/span>\n\t\t\t\t\t<\/a>\n\t\t\t\t<\/div>\n\t\t\t\t\t\t<\/div>\n\t\t\t\t<\/div>\n\t\t\t\t\t<\/div>\n\t\t<\/div>\n\t\t\t\t\t<\/div>\n\t\t<\/section>\n\t\t\t\t<section class=\"elementor-section elementor-top-section elementor-element elementor-element-aafa72a elementor-section-boxed elementor-section-height-default elementor-section-height-default\" data-id=\"aafa72a\" data-element_type=\"section\">\n\t\t\t\t\t\t<div class=\"elementor-container elementor-column-gap-default\">\n\t\t\t\t\t<div class=\"elementor-column elementor-col-33 elementor-top-column elementor-element elementor-element-8ffe999\" data-id=\"8ffe999\" data-element_type=\"column\">\n\t\t\t<div class=\"elementor-widget-wrap elementor-element-populated\">\n\t\t\t\t\t\t<div class=\"elementor-element elementor-element-b8142d3 elementor-widget elementor-widget-image\" data-id=\"b8142d3\" data-element_type=\"widget\" data-widget_type=\"image.default\">\n\t\t\t\t<div class=\"elementor-widget-container\">\n\t\t\t\t\t\t\t\t\t\t\t\t\t<img decoding=\"async\" width=\"600\" height=\"400\" src=\"https:\/\/collision.aiacanada.com\/wp-content\/uploads\/2024\/03\/iCAR-IMG.png\" class=\"attachment-large size-large wp-image-1646\" alt=\"\" srcset=\"https:\/\/collision.aiacanada.com\/wp-content\/uploads\/2024\/03\/iCAR-IMG.png 600w, https:\/\/collision.aiacanada.com\/wp-content\/uploads\/2024\/03\/iCAR-IMG-300x200.png 300w\" sizes=\"(max-width: 600px) 100vw, 600px\" \/>\t\t\t\t\t\t\t\t\t\t\t\t\t<\/div>\n\t\t\t\t<\/div>\n\t\t\t\t\t<\/div>\n\t\t<\/div>\n\t\t\t\t<div class=\"elementor-column elementor-col-66 elementor-top-column elementor-element elementor-element-5cf9acd\" data-id=\"5cf9acd\" data-element_type=\"column\">\n\t\t\t<div class=\"elementor-widget-wrap elementor-element-populated\">\n\t\t\t\t\t\t<div class=\"elementor-element elementor-element-d422f26 elementor-widget elementor-widget-heading\" data-id=\"d422f26\" data-element_type=\"widget\" data-widget_type=\"heading.default\">\n\t\t\t\t<div class=\"elementor-widget-container\">\n\t\t\t<h2 class=\"elementor-heading-title elementor-size-default\">I-CAR Canada<\/h2>\t\t<\/div>\n\t\t\t\t<\/div>\n\t\t\t\t<div class=\"elementor-element elementor-element-1dfd3d2 elementor-widget elementor-widget-text-editor\" data-id=\"1dfd3d2\" data-element_type=\"widget\" data-widget_type=\"text-editor.default\">\n\t\t\t\t<div class=\"elementor-widget-container\">\n\t\t\t\t\t\t\t<p><span class=\"TextRun Highlight SCXW236526812 BCX0\" lang=\"FR-CA\" xml:lang=\"FR-CA\" data-contrast=\"none\"><span class=\"NormalTextRun SCXW236526812 BCX0\">I-CAR Canada est la meilleure formation de carrosserie au Canada. Gr\u00e2ce \u00e0 la formation offerte dans les deux langues officielles, les travailleurs et les ateliers peuvent obtenir une mention particuli\u00e8re gr\u00e2ce \u00e0 une formation compl\u00e8te.<\/span><\/span><\/p>\t\t\t\t\t\t<\/div>\n\t\t\t\t<\/div>\n\t\t\t\t<div class=\"elementor-element elementor-element-b14a82f elementor-widget elementor-widget-button\" data-id=\"b14a82f\" data-element_type=\"widget\" data-widget_type=\"button.default\">\n\t\t\t\t<div class=\"elementor-widget-container\">\n\t\t\t\t\t\t\t<div class=\"elementor-button-wrapper\">\n\t\t\t\t\t<a class=\"elementor-button elementor-button-link elementor-size-sm\" href=\"https:\/\/www.i-car.ca\/\">\n\t\t\t\t\t\t<span class=\"elementor-button-content-wrapper\">\n\t\t\t\t\t\t\t\t\t<span class=\"elementor-button-text\">En savoir plus<\/span>\n\t\t\t\t\t<\/span>\n\t\t\t\t\t<\/a>\n\t\t\t\t<\/div>\n\t\t\t\t\t\t<\/div>\n\t\t\t\t<\/div>\n\t\t\t\t\t<\/div>\n\t\t<\/div>\n\t\t\t\t\t<\/div>\n\t\t<\/section>\n\t\t\t\t<\/div>\n\t\t","protected":false},"excerpt":{"rendered":"<p>Dans l\u2019industrie en rapide \u00e9volution d\u2019aujourd\u2019hui, il est primordial de maintenir une \u00e9ducation et une mise \u00e0 jour r\u00e9guli\u00e8re avec les derni\u00e8res informations et technologies. Pour en apprendre davantage sur nos options d&#8217;\u00e9ducation et de formation. Webinaires ax\u00e9s sur la carrosserie Am\u00e9liorez vos connaissances du secteur de la carrosserie en vous connectant \u00e0 nos webinaires [&hellip;]<\/p>\n","protected":false},"author":15,"featured_media":0,"parent":1545,"menu_order":0,"comment_status":"closed","ping_status":"closed","template":"","meta":{"_acf_changed":false,"footnotes":""},"class_list":["post-1547","page","type-page","status-publish","hentry"],"acf":[],"aioseo_notices":[],"_links":{"self":[{"href":"https:\/\/collision.aiacanada.com\/fr\/wp-json\/wp\/v2\/pages\/1547","targetHints":{"allow":["GET"]}}],"collection":[{"href":"https:\/\/collision.aiacanada.com\/fr\/wp-json\/wp\/v2\/pages"}],"about":[{"href":"https:\/\/collision.aiacanada.com\/fr\/wp-json\/wp\/v2\/types\/page"}],"author":[{"embeddable":true,"href":"https:\/\/collision.aiacanada.com\/fr\/wp-json\/wp\/v2\/users\/15"}],"replies":[{"embeddable":true,"href":"https:\/\/collision.aiacanada.com\/fr\/wp-json\/wp\/v2\/comments?post=1547"}],"version-history":[{"count":0,"href":"https:\/\/collision.aiacanada.com\/fr\/wp-json\/wp\/v2\/pages\/1547\/revisions"}],"up":[{"embeddable":true,"href":"https:\/\/collision.aiacanada.com\/fr\/wp-json\/wp\/v2\/pages\/1545"}],"wp:attachment":[{"href":"https:\/\/collision.aiacanada.com\/fr\/wp-json\/wp\/v2\/media?parent=1547"}],"curies":[{"name":"wp","href":"https:\/\/api.w.org\/{rel}","templated":true}]}}