{"id":1545,"date":"2024-03-08T10:15:48","date_gmt":"2024-03-08T15:15:48","guid":{"rendered":"https:\/\/collisionaiac.wpenginepowered.com\/?page_id=1545"},"modified":"2024-03-20T08:51:48","modified_gmt":"2024-03-20T12:51:48","slug":"carrieres-et-formation","status":"publish","type":"page","link":"https:\/\/collision.aiacanada.com\/fr\/carrieres-et-formation\/","title":{"rendered":"Carri\u00e8res et formation"},"content":{"rendered":"\t\t<div data-elementor-type=\"wp-page\" data-elementor-id=\"1545\" class=\"elementor elementor-1545 elementor-1544\" data-elementor-post-type=\"page\">\n\t\t\t\t\t\t<section class=\"elementor-section elementor-top-section elementor-element elementor-element-5d44d8d elementor-section-boxed elementor-section-height-default elementor-section-height-default\" data-id=\"5d44d8d\" data-element_type=\"section\">\n\t\t\t\t\t\t<div class=\"elementor-container elementor-column-gap-default\">\n\t\t\t\t\t<div class=\"elementor-column elementor-col-100 elementor-top-column elementor-element elementor-element-bdfb0ee\" data-id=\"bdfb0ee\" data-element_type=\"column\">\n\t\t\t<div class=\"elementor-widget-wrap elementor-element-populated\">\n\t\t\t\t\t\t<div class=\"elementor-element elementor-element-fb042ac elementor-widget elementor-widget-text-editor\" data-id=\"fb042ac\" data-element_type=\"widget\" data-widget_type=\"text-editor.default\">\n\t\t\t\t<div class=\"elementor-widget-container\">\n\t\t\t\t\t\t\t<p><span class=\"TextRun Highlight SCXW163710396 BCX0\" lang=\"FR-CA\" xml:lang=\"FR-CA\" data-contrast=\"none\"><span class=\"NormalTextRun SCXW163710396 BCX0\">D\u00e9couvrez les diff\u00e9rents cheminements de carri\u00e8re et les possibilit\u00e9s de formation <\/span><span class=\"NormalTextRun SCXW163710396 BCX0\">offertes<\/span><span class=\"NormalTextRun SCXW163710396 BCX0\"> dans l\u2019industrie canadienne de la r\u00e9paration de carrosserie.<\/span><\/span><\/p>\t\t\t\t\t\t<\/div>\n\t\t\t\t<\/div>\n\t\t\t\t\t<\/div>\n\t\t<\/div>\n\t\t\t\t\t<\/div>\n\t\t<\/section>\n\t\t\t\t<section class=\"elementor-section elementor-top-section elementor-element elementor-element-8222717 elementor-section-boxed elementor-section-height-default elementor-section-height-default\" data-id=\"8222717\" data-element_type=\"section\">\n\t\t\t\t\t\t<div class=\"elementor-container elementor-column-gap-default\">\n\t\t\t\t\t<div class=\"elementor-column elementor-col-33 elementor-top-column elementor-element elementor-element-80fe59f\" data-id=\"80fe59f\" data-element_type=\"column\">\n\t\t\t<div class=\"elementor-widget-wrap elementor-element-populated\">\n\t\t\t\t\t\t<div class=\"elementor-element elementor-element-4af004c elementor-widget elementor-widget-image\" data-id=\"4af004c\" data-element_type=\"widget\" data-widget_type=\"image.default\">\n\t\t\t\t<div class=\"elementor-widget-container\">\n\t\t\t\t\t\t\t\t\t\t\t\t\t<img fetchpriority=\"high\" decoding=\"async\" width=\"800\" height=\"534\" src=\"https:\/\/collision.aiacanada.com\/wp-content\/uploads\/2024\/03\/Hiring-IMG-1024x683.jpg\" class=\"attachment-large size-large wp-image-1648\" alt=\"\" srcset=\"https:\/\/collision.aiacanada.com\/wp-content\/uploads\/2024\/03\/Hiring-IMG-1024x683.jpg 1024w, https:\/\/collision.aiacanada.com\/wp-content\/uploads\/2024\/03\/Hiring-IMG-300x200.jpg 300w, https:\/\/collision.aiacanada.com\/wp-content\/uploads\/2024\/03\/Hiring-IMG-768x512.jpg 768w, https:\/\/collision.aiacanada.com\/wp-content\/uploads\/2024\/03\/Hiring-IMG-1536x1024.jpg 1536w, https:\/\/collision.aiacanada.com\/wp-content\/uploads\/2024\/03\/Hiring-IMG.jpg 2048w\" sizes=\"(max-width: 800px) 100vw, 800px\" \/>\t\t\t\t\t\t\t\t\t\t\t\t\t<\/div>\n\t\t\t\t<\/div>\n\t\t\t\t\t<\/div>\n\t\t<\/div>\n\t\t\t\t<div class=\"elementor-column elementor-col-66 elementor-top-column elementor-element elementor-element-b29b947\" data-id=\"b29b947\" data-element_type=\"column\">\n\t\t\t<div class=\"elementor-widget-wrap elementor-element-populated\">\n\t\t\t\t\t\t<div class=\"elementor-element elementor-element-09dcf0d elementor-widget elementor-widget-heading\" data-id=\"09dcf0d\" data-element_type=\"widget\" data-widget_type=\"heading.default\">\n\t\t\t\t<div class=\"elementor-widget-container\">\n\t\t\t<h2 class=\"elementor-heading-title elementor-size-default\">Choix de carri\u00e8re<\/h2>\t\t<\/div>\n\t\t\t\t<\/div>\n\t\t\t\t<div class=\"elementor-element elementor-element-b2222e7 elementor-widget elementor-widget-text-editor\" data-id=\"b2222e7\" data-element_type=\"widget\" data-widget_type=\"text-editor.default\">\n\t\t\t\t<div class=\"elementor-widget-container\">\n\t\t\t\t\t\t\t<p><span class=\"TextRun Highlight SCXW107891758 BCX0\" lang=\"FR-CA\" xml:lang=\"FR-CA\" data-contrast=\"none\"><span class=\"NormalTextRun SCXW107891758 BCX0\">Joignez-vous \u00e0 l\u2019industrie canadienne de la r\u00e9paration de carrosserie et explorez la grande vari\u00e9t\u00e9 d\u2019options de carri\u00e8re.<\/span><\/span><\/p>\t\t\t\t\t\t<\/div>\n\t\t\t\t<\/div>\n\t\t\t\t<div class=\"elementor-element elementor-element-90e3ff0 elementor-widget elementor-widget-button\" data-id=\"90e3ff0\" data-element_type=\"widget\" data-widget_type=\"button.default\">\n\t\t\t\t<div class=\"elementor-widget-container\">\n\t\t\t\t\t\t\t<div class=\"elementor-button-wrapper\">\n\t\t\t\t\t<a class=\"elementor-button elementor-button-link elementor-size-sm\" href=\"\/carrieres-et-formation\/choix-de-carrieres\/\">\n\t\t\t\t\t\t<span class=\"elementor-button-content-wrapper\">\n\t\t\t\t\t\t\t\t\t<span class=\"elementor-button-text\">En savoir plus<\/span>\n\t\t\t\t\t<\/span>\n\t\t\t\t\t<\/a>\n\t\t\t\t<\/div>\n\t\t\t\t\t\t<\/div>\n\t\t\t\t<\/div>\n\t\t\t\t\t<\/div>\n\t\t<\/div>\n\t\t\t\t\t<\/div>\n\t\t<\/section>\n\t\t\t\t<section class=\"elementor-section elementor-top-section elementor-element elementor-element-aafa72a elementor-section-boxed elementor-section-height-default elementor-section-height-default\" data-id=\"aafa72a\" data-element_type=\"section\">\n\t\t\t\t\t\t<div class=\"elementor-container elementor-column-gap-default\">\n\t\t\t\t\t<div class=\"elementor-column elementor-col-33 elementor-top-column elementor-element elementor-element-8ffe999\" data-id=\"8ffe999\" data-element_type=\"column\">\n\t\t\t<div class=\"elementor-widget-wrap elementor-element-populated\">\n\t\t\t\t\t\t<div class=\"elementor-element elementor-element-b8142d3 elementor-widget elementor-widget-image\" data-id=\"b8142d3\" data-element_type=\"widget\" data-widget_type=\"image.default\">\n\t\t\t\t<div class=\"elementor-widget-container\">\n\t\t\t\t\t\t\t\t\t\t\t\t\t<img decoding=\"async\" width=\"800\" height=\"534\" src=\"https:\/\/collision.aiacanada.com\/wp-content\/uploads\/2024\/03\/Education-IMG-1024x683.jpg\" class=\"attachment-large size-large wp-image-1638\" alt=\"\" srcset=\"https:\/\/collision.aiacanada.com\/wp-content\/uploads\/2024\/03\/Education-IMG-1024x683.jpg 1024w, https:\/\/collision.aiacanada.com\/wp-content\/uploads\/2024\/03\/Education-IMG-300x200.jpg 300w, https:\/\/collision.aiacanada.com\/wp-content\/uploads\/2024\/03\/Education-IMG-768x512.jpg 768w, https:\/\/collision.aiacanada.com\/wp-content\/uploads\/2024\/03\/Education-IMG-1536x1024.jpg 1536w, https:\/\/collision.aiacanada.com\/wp-content\/uploads\/2024\/03\/Education-IMG.jpg 2048w\" sizes=\"(max-width: 800px) 100vw, 800px\" \/>\t\t\t\t\t\t\t\t\t\t\t\t\t<\/div>\n\t\t\t\t<\/div>\n\t\t\t\t\t<\/div>\n\t\t<\/div>\n\t\t\t\t<div class=\"elementor-column elementor-col-66 elementor-top-column elementor-element elementor-element-5cf9acd\" data-id=\"5cf9acd\" data-element_type=\"column\">\n\t\t\t<div class=\"elementor-widget-wrap elementor-element-populated\">\n\t\t\t\t\t\t<div class=\"elementor-element elementor-element-d422f26 elementor-widget elementor-widget-heading\" data-id=\"d422f26\" data-element_type=\"widget\" data-widget_type=\"heading.default\">\n\t\t\t\t<div class=\"elementor-widget-container\">\n\t\t\t<h2 class=\"elementor-heading-title elementor-size-default\">\u00c9ducation et formation<\/h2>\t\t<\/div>\n\t\t\t\t<\/div>\n\t\t\t\t<div class=\"elementor-element elementor-element-1dfd3d2 elementor-widget elementor-widget-text-editor\" data-id=\"1dfd3d2\" data-element_type=\"widget\" data-widget_type=\"text-editor.default\">\n\t\t\t\t<div class=\"elementor-widget-container\">\n\t\t\t\t\t\t\t<p><span class=\"TextRun Highlight SCXW85265604 BCX0\" lang=\"FR-CA\" xml:lang=\"FR-CA\" data-contrast=\"none\"><span class=\"NormalTextRun SCXW85265604 BCX0\">Soyez au courant des derni\u00e8res informations, mises \u00e0 jour et d\u00e9veloppements dans l\u2019industrie de la r\u00e9paration de carrosserie avec des cours de formation et d\u2019\u00e9ducation.<\/span><\/span><\/p>\t\t\t\t\t\t<\/div>\n\t\t\t\t<\/div>\n\t\t\t\t<div class=\"elementor-element elementor-element-b14a82f elementor-widget elementor-widget-button\" data-id=\"b14a82f\" data-element_type=\"widget\" data-widget_type=\"button.default\">\n\t\t\t\t<div class=\"elementor-widget-container\">\n\t\t\t\t\t\t\t<div class=\"elementor-button-wrapper\">\n\t\t\t\t\t<a class=\"elementor-button elementor-button-link elementor-size-sm\" href=\"\/carrieres-et-formation\/education-et-formation\/\">\n\t\t\t\t\t\t<span class=\"elementor-button-content-wrapper\">\n\t\t\t\t\t\t\t\t\t<span class=\"elementor-button-text\">En savoir plus<\/span>\n\t\t\t\t\t<\/span>\n\t\t\t\t\t<\/a>\n\t\t\t\t<\/div>\n\t\t\t\t\t\t<\/div>\n\t\t\t\t<\/div>\n\t\t\t\t\t<\/div>\n\t\t<\/div>\n\t\t\t\t\t<\/div>\n\t\t<\/section>\n\t\t\t\t<\/div>\n\t\t","protected":false},"excerpt":{"rendered":"<p>D\u00e9couvrez les diff\u00e9rents cheminements de carri\u00e8re et les possibilit\u00e9s de formation offertes dans l\u2019industrie canadienne de la r\u00e9paration de carrosserie. Choix de carri\u00e8re Joignez-vous \u00e0 l\u2019industrie canadienne de la r\u00e9paration de carrosserie et explorez la grande vari\u00e9t\u00e9 d\u2019options de carri\u00e8re. En savoir plus \u00c9ducation et formation Soyez au courant des derni\u00e8res informations, mises \u00e0 jour [&hellip;]<\/p>\n","protected":false},"author":15,"featured_media":0,"parent":0,"menu_order":0,"comment_status":"closed","ping_status":"closed","template":"","meta":{"_acf_changed":false,"footnotes":""},"class_list":["post-1545","page","type-page","status-publish","hentry"],"acf":[],"aioseo_notices":[],"_links":{"self":[{"href":"https:\/\/collision.aiacanada.com\/fr\/wp-json\/wp\/v2\/pages\/1545","targetHints":{"allow":["GET"]}}],"collection":[{"href":"https:\/\/collision.aiacanada.com\/fr\/wp-json\/wp\/v2\/pages"}],"about":[{"href":"https:\/\/collision.aiacanada.com\/fr\/wp-json\/wp\/v2\/types\/page"}],"author":[{"embeddable":true,"href":"https:\/\/collision.aiacanada.com\/fr\/wp-json\/wp\/v2\/users\/15"}],"replies":[{"embeddable":true,"href":"https:\/\/collision.aiacanada.com\/fr\/wp-json\/wp\/v2\/comments?post=1545"}],"version-history":[{"count":0,"href":"https:\/\/collision.aiacanada.com\/fr\/wp-json\/wp\/v2\/pages\/1545\/revisions"}],"wp:attachment":[{"href":"https:\/\/collision.aiacanada.com\/fr\/wp-json\/wp\/v2\/media?parent=1545"}],"curies":[{"name":"wp","href":"https:\/\/api.w.org\/{rel}","templated":true}]}}