{"id":1540,"date":"2024-03-08T09:44:42","date_gmt":"2024-03-08T14:44:42","guid":{"rendered":"https:\/\/collisionaiac.wpenginepowered.com\/?page_id=1540"},"modified":"2024-03-20T08:35:55","modified_gmt":"2024-03-20T12:35:55","slug":"impliquez-vous","status":"publish","type":"page","link":"https:\/\/collision.aiacanada.com\/fr\/impliquez-vous\/","title":{"rendered":"Impliquez-vous aupr\u00e8s du Forum canadien de l\u2019industrie de la carrosserie"},"content":{"rendered":"\t\t<div data-elementor-type=\"wp-page\" data-elementor-id=\"1540\" class=\"elementor elementor-1540 elementor-1539\" data-elementor-post-type=\"page\">\n\t\t\t\t\t\t<section class=\"elementor-section elementor-top-section elementor-element elementor-element-5d44d8d elementor-section-boxed elementor-section-height-default elementor-section-height-default\" data-id=\"5d44d8d\" data-element_type=\"section\">\n\t\t\t\t\t\t<div class=\"elementor-container elementor-column-gap-default\">\n\t\t\t\t\t<div class=\"elementor-column elementor-col-100 elementor-top-column elementor-element elementor-element-bdfb0ee\" data-id=\"bdfb0ee\" data-element_type=\"column\">\n\t\t\t<div class=\"elementor-widget-wrap elementor-element-populated\">\n\t\t\t\t\t\t<div class=\"elementor-element elementor-element-fb042ac elementor-widget elementor-widget-text-editor\" data-id=\"fb042ac\" data-element_type=\"widget\" data-widget_type=\"text-editor.default\">\n\t\t\t\t<div class=\"elementor-widget-container\">\n\t\t\t\t\t\t\t<p><span class=\"TextRun Highlight SCXW234410733 BCX0\" lang=\"FR-CA\" xml:lang=\"FR-CA\" data-contrast=\"none\"><span class=\"NormalTextRun SCXW234410733 BCX0\">Il y a plusieurs mani\u00e8res de soutenir le secteur, que ce soit en consacrant du temps au b\u00e9n\u00e9volat, en participant \u00e0 des \u00e9v\u00e9nements ou en s&#8217;engageant financi\u00e8rement. Votre participation au CCIF contribue \u00e0 alimenter les conversations sur les connaissances, les d\u00e9fis et les tendances du secteur.<\/span><\/span><\/p>\t\t\t\t\t\t<\/div>\n\t\t\t\t<\/div>\n\t\t\t\t\t<\/div>\n\t\t<\/div>\n\t\t\t\t\t<\/div>\n\t\t<\/section>\n\t\t\t\t<section class=\"elementor-section elementor-top-section elementor-element elementor-element-8222717 elementor-section-boxed elementor-section-height-default elementor-section-height-default\" data-id=\"8222717\" data-element_type=\"section\">\n\t\t\t\t\t\t<div class=\"elementor-container elementor-column-gap-default\">\n\t\t\t\t\t<div class=\"elementor-column elementor-col-33 elementor-top-column elementor-element elementor-element-80fe59f\" data-id=\"80fe59f\" data-element_type=\"column\">\n\t\t\t<div class=\"elementor-widget-wrap elementor-element-populated\">\n\t\t\t\t\t\t<div class=\"elementor-element elementor-element-4af004c elementor-widget elementor-widget-image\" data-id=\"4af004c\" data-element_type=\"widget\" data-widget_type=\"image.default\">\n\t\t\t\t<div class=\"elementor-widget-container\">\n\t\t\t\t\t\t\t\t\t\t\t\t\t<img fetchpriority=\"high\" decoding=\"async\" width=\"800\" height=\"534\" src=\"https:\/\/collision.aiacanada.com\/wp-content\/uploads\/2024\/03\/Sponsorship-IMG-FR-1024x683.jpg\" class=\"attachment-large size-large wp-image-1635\" alt=\"\" srcset=\"https:\/\/collision.aiacanada.com\/wp-content\/uploads\/2024\/03\/Sponsorship-IMG-FR-1024x683.jpg 1024w, https:\/\/collision.aiacanada.com\/wp-content\/uploads\/2024\/03\/Sponsorship-IMG-FR-300x200.jpg 300w, https:\/\/collision.aiacanada.com\/wp-content\/uploads\/2024\/03\/Sponsorship-IMG-FR-768x512.jpg 768w, https:\/\/collision.aiacanada.com\/wp-content\/uploads\/2024\/03\/Sponsorship-IMG-FR-1536x1024.jpg 1536w, https:\/\/collision.aiacanada.com\/wp-content\/uploads\/2024\/03\/Sponsorship-IMG-FR.jpg 2048w\" sizes=\"(max-width: 800px) 100vw, 800px\" \/>\t\t\t\t\t\t\t\t\t\t\t\t\t<\/div>\n\t\t\t\t<\/div>\n\t\t\t\t\t<\/div>\n\t\t<\/div>\n\t\t\t\t<div class=\"elementor-column elementor-col-66 elementor-top-column elementor-element elementor-element-b29b947\" data-id=\"b29b947\" data-element_type=\"column\">\n\t\t\t<div class=\"elementor-widget-wrap elementor-element-populated\">\n\t\t\t\t\t\t<div class=\"elementor-element elementor-element-09dcf0d elementor-widget elementor-widget-heading\" data-id=\"09dcf0d\" data-element_type=\"widget\" data-widget_type=\"heading.default\">\n\t\t\t\t<div class=\"elementor-widget-container\">\n\t\t\t<h2 class=\"elementor-heading-title elementor-size-default\">Opportunit\u00e9s de commandite<\/h2>\t\t<\/div>\n\t\t\t\t<\/div>\n\t\t\t\t<div class=\"elementor-element elementor-element-b2222e7 elementor-widget elementor-widget-text-editor\" data-id=\"b2222e7\" data-element_type=\"widget\" data-widget_type=\"text-editor.default\">\n\t\t\t\t<div class=\"elementor-widget-container\">\n\t\t\t\t\t\t\t<p><span class=\"TextRun Highlight SCXW210105302 BCX0\" lang=\"FR-CA\" xml:lang=\"FR-CA\" data-contrast=\"none\"><span class=\"NormalTextRun SCXW210105302 BCX0\">Des possibilit\u00e9s de commandites sont <\/span><span class=\"NormalTextRun SCXW210105302 BCX0\">offertes<\/span><span class=\"NormalTextRun SCXW210105302 BCX0\">, enti\u00e8rement adapt\u00e9<\/span><span class=\"NormalTextRun SCXW210105302 BCX0\">e<\/span><span class=\"NormalTextRun SCXW210105302 BCX0\">s aux besoins individuels, aux budgets et aux besoins de chacun.<\/span><\/span><\/p>\t\t\t\t\t\t<\/div>\n\t\t\t\t<\/div>\n\t\t\t\t<div class=\"elementor-element elementor-element-90e3ff0 elementor-widget elementor-widget-button\" data-id=\"90e3ff0\" data-element_type=\"widget\" data-widget_type=\"button.default\">\n\t\t\t\t<div class=\"elementor-widget-container\">\n\t\t\t\t\t\t\t<div class=\"elementor-button-wrapper\">\n\t\t\t\t\t<a class=\"elementor-button elementor-button-link elementor-size-sm\" href=\"\/impliquez-vous\/commandites\/\">\n\t\t\t\t\t\t<span class=\"elementor-button-content-wrapper\">\n\t\t\t\t\t\t\t\t\t<span class=\"elementor-button-text\">Devenir un commanditaire<\/span>\n\t\t\t\t\t<\/span>\n\t\t\t\t\t<\/a>\n\t\t\t\t<\/div>\n\t\t\t\t\t\t<\/div>\n\t\t\t\t<\/div>\n\t\t\t\t\t<\/div>\n\t\t<\/div>\n\t\t\t\t\t<\/div>\n\t\t<\/section>\n\t\t\t\t<section class=\"elementor-section elementor-top-section elementor-element elementor-element-aafa72a elementor-section-boxed elementor-section-height-default elementor-section-height-default\" data-id=\"aafa72a\" data-element_type=\"section\">\n\t\t\t\t\t\t<div class=\"elementor-container elementor-column-gap-default\">\n\t\t\t\t\t<div class=\"elementor-column elementor-col-33 elementor-top-column elementor-element elementor-element-8ffe999\" data-id=\"8ffe999\" data-element_type=\"column\">\n\t\t\t<div class=\"elementor-widget-wrap elementor-element-populated\">\n\t\t\t\t\t\t<div class=\"elementor-element elementor-element-b8142d3 elementor-widget elementor-widget-image\" data-id=\"b8142d3\" data-element_type=\"widget\" data-widget_type=\"image.default\">\n\t\t\t\t<div class=\"elementor-widget-container\">\n\t\t\t\t\t\t\t\t\t\t\t\t\t<img decoding=\"async\" width=\"800\" height=\"567\" src=\"https:\/\/collision.aiacanada.com\/wp-content\/uploads\/2024\/03\/Supporters-IMG-1024x726.jpg\" class=\"attachment-large size-large wp-image-1630\" alt=\"\" srcset=\"https:\/\/collision.aiacanada.com\/wp-content\/uploads\/2024\/03\/Supporters-IMG-1024x726.jpg 1024w, https:\/\/collision.aiacanada.com\/wp-content\/uploads\/2024\/03\/Supporters-IMG-300x213.jpg 300w, https:\/\/collision.aiacanada.com\/wp-content\/uploads\/2024\/03\/Supporters-IMG-768x545.jpg 768w, https:\/\/collision.aiacanada.com\/wp-content\/uploads\/2024\/03\/Supporters-IMG-1536x1089.jpg 1536w, https:\/\/collision.aiacanada.com\/wp-content\/uploads\/2024\/03\/Supporters-IMG.jpg 2048w\" sizes=\"(max-width: 800px) 100vw, 800px\" \/>\t\t\t\t\t\t\t\t\t\t\t\t\t<\/div>\n\t\t\t\t<\/div>\n\t\t\t\t\t<\/div>\n\t\t<\/div>\n\t\t\t\t<div class=\"elementor-column elementor-col-66 elementor-top-column elementor-element elementor-element-5cf9acd\" data-id=\"5cf9acd\" data-element_type=\"column\">\n\t\t\t<div class=\"elementor-widget-wrap elementor-element-populated\">\n\t\t\t\t\t\t<div class=\"elementor-element elementor-element-d422f26 elementor-widget elementor-widget-heading\" data-id=\"d422f26\" data-element_type=\"widget\" data-widget_type=\"heading.default\">\n\t\t\t\t<div class=\"elementor-widget-container\">\n\t\t\t<h2 class=\"elementor-heading-title elementor-size-default\">Programme de supporteurs du CCIF<\/h2>\t\t<\/div>\n\t\t\t\t<\/div>\n\t\t\t\t<div class=\"elementor-element elementor-element-1dfd3d2 elementor-widget elementor-widget-text-editor\" data-id=\"1dfd3d2\" data-element_type=\"widget\" data-widget_type=\"text-editor.default\">\n\t\t\t\t<div class=\"elementor-widget-container\">\n\t\t\t\t\t\t\t<p><span class=\"TextRun Highlight SCXW261386329 BCX0\" lang=\"FR-CA\" xml:lang=\"FR-CA\" data-contrast=\"none\"><span class=\"NormalTextRun SCXW261386329 BCX0\">Montrez votre soutien et votre engagement envers nos \u00e9v\u00e9nements en devenant un supporteur du CCIF<\/span><span class=\"NormalTextRun SCXW261386329 BCX0\">.<\/span><\/span><\/p>\t\t\t\t\t\t<\/div>\n\t\t\t\t<\/div>\n\t\t\t\t<div class=\"elementor-element elementor-element-b14a82f elementor-widget elementor-widget-button\" data-id=\"b14a82f\" data-element_type=\"widget\" data-widget_type=\"button.default\">\n\t\t\t\t<div class=\"elementor-widget-container\">\n\t\t\t\t\t\t\t<div class=\"elementor-button-wrapper\">\n\t\t\t\t\t<a class=\"elementor-button elementor-button-link elementor-size-sm\" href=\"\/impliquez-vous\/supporteurs-ccif\/\">\n\t\t\t\t\t\t<span class=\"elementor-button-content-wrapper\">\n\t\t\t\t\t\t\t\t\t<span class=\"elementor-button-text\">En savoir plus<\/span>\n\t\t\t\t\t<\/span>\n\t\t\t\t\t<\/a>\n\t\t\t\t<\/div>\n\t\t\t\t\t\t<\/div>\n\t\t\t\t<\/div>\n\t\t\t\t\t<\/div>\n\t\t<\/div>\n\t\t\t\t\t<\/div>\n\t\t<\/section>\n\t\t\t\t<section class=\"elementor-section elementor-top-section elementor-element elementor-element-56a97e5 elementor-section-boxed elementor-section-height-default elementor-section-height-default\" data-id=\"56a97e5\" data-element_type=\"section\">\n\t\t\t\t\t\t<div class=\"elementor-container elementor-column-gap-default\">\n\t\t\t\t\t<div class=\"elementor-column elementor-col-33 elementor-top-column elementor-element elementor-element-bd886df\" data-id=\"bd886df\" data-element_type=\"column\">\n\t\t\t<div class=\"elementor-widget-wrap elementor-element-populated\">\n\t\t\t\t\t\t<div class=\"elementor-element elementor-element-16ec0df elementor-widget elementor-widget-image\" data-id=\"16ec0df\" data-element_type=\"widget\" data-widget_type=\"image.default\">\n\t\t\t\t<div class=\"elementor-widget-container\">\n\t\t\t\t\t\t\t\t\t\t\t\t\t<img decoding=\"async\" width=\"800\" height=\"420\" src=\"https:\/\/collision.aiacanada.com\/wp-content\/uploads\/2024\/03\/Committee-IMG-1024x538.jpg\" class=\"attachment-large size-large wp-image-1634\" alt=\"\" srcset=\"https:\/\/collision.aiacanada.com\/wp-content\/uploads\/2024\/03\/Committee-IMG-1024x538.jpg 1024w, https:\/\/collision.aiacanada.com\/wp-content\/uploads\/2024\/03\/Committee-IMG-300x158.jpg 300w, https:\/\/collision.aiacanada.com\/wp-content\/uploads\/2024\/03\/Committee-IMG-768x404.jpg 768w, https:\/\/collision.aiacanada.com\/wp-content\/uploads\/2024\/03\/Committee-IMG-1536x807.jpg 1536w, https:\/\/collision.aiacanada.com\/wp-content\/uploads\/2024\/03\/Committee-IMG.jpg 2048w\" sizes=\"(max-width: 800px) 100vw, 800px\" \/>\t\t\t\t\t\t\t\t\t\t\t\t\t<\/div>\n\t\t\t\t<\/div>\n\t\t\t\t\t<\/div>\n\t\t<\/div>\n\t\t\t\t<div class=\"elementor-column elementor-col-66 elementor-top-column elementor-element elementor-element-6f85638\" data-id=\"6f85638\" data-element_type=\"column\">\n\t\t\t<div class=\"elementor-widget-wrap elementor-element-populated\">\n\t\t\t\t\t\t<div class=\"elementor-element elementor-element-638c343 elementor-widget elementor-widget-heading\" data-id=\"638c343\" data-element_type=\"widget\" data-widget_type=\"heading.default\">\n\t\t\t\t<div class=\"elementor-widget-container\">\n\t\t\t<h2 class=\"elementor-heading-title elementor-size-default\">Comit\u00e9 directeur du CCIF<\/h2>\t\t<\/div>\n\t\t\t\t<\/div>\n\t\t\t\t<div class=\"elementor-element elementor-element-fcff0fe elementor-widget elementor-widget-text-editor\" data-id=\"fcff0fe\" data-element_type=\"widget\" data-widget_type=\"text-editor.default\">\n\t\t\t\t<div class=\"elementor-widget-container\">\n\t\t\t\t\t\t\t<p><span class=\"TextRun Highlight SCXW54294549 BCX0\" lang=\"FR-CA\" xml:lang=\"FR-CA\" data-contrast=\"none\"><span class=\"NormalTextRun SCXW54294549 BCX0\">Le comit\u00e9 directeur du CCIF repr\u00e9sente l\u2019ensemble de l\u2019industrie de la carrosserie et vise \u00e0 assurer le succ\u00e8s des \u00e9v\u00e9nements du CCIF.<\/span><\/span><\/p>\t\t\t\t\t\t<\/div>\n\t\t\t\t<\/div>\n\t\t\t\t<div class=\"elementor-element elementor-element-48f5f9a elementor-widget elementor-widget-button\" data-id=\"48f5f9a\" data-element_type=\"widget\" data-widget_type=\"button.default\">\n\t\t\t\t<div class=\"elementor-widget-container\">\n\t\t\t\t\t\t\t<div class=\"elementor-button-wrapper\">\n\t\t\t\t\t<a class=\"elementor-button elementor-button-link elementor-size-sm\" href=\"\/impliquez-vous\/comite-directeur-du-ccif\/\">\n\t\t\t\t\t\t<span class=\"elementor-button-content-wrapper\">\n\t\t\t\t\t\t\t\t\t<span class=\"elementor-button-text\">En savoir plus<\/span>\n\t\t\t\t\t<\/span>\n\t\t\t\t\t<\/a>\n\t\t\t\t<\/div>\n\t\t\t\t\t\t<\/div>\n\t\t\t\t<\/div>\n\t\t\t\t\t<\/div>\n\t\t<\/div>\n\t\t\t\t\t<\/div>\n\t\t<\/section>\n\t\t\t\t<section class=\"elementor-section elementor-top-section elementor-element elementor-element-7b21214 elementor-section-boxed elementor-section-height-default elementor-section-height-default\" data-id=\"7b21214\" data-element_type=\"section\">\n\t\t\t\t\t\t<div class=\"elementor-container elementor-column-gap-default\">\n\t\t\t\t\t<div class=\"elementor-column elementor-col-33 elementor-top-column elementor-element elementor-element-44cf87d\" data-id=\"44cf87d\" data-element_type=\"column\">\n\t\t\t<div class=\"elementor-widget-wrap elementor-element-populated\">\n\t\t\t\t\t\t<div class=\"elementor-element elementor-element-5a0058c elementor-widget elementor-widget-image\" data-id=\"5a0058c\" data-element_type=\"widget\" data-widget_type=\"image.default\">\n\t\t\t\t<div class=\"elementor-widget-container\">\n\t\t\t\t\t\t\t\t\t\t\t\t\t<img loading=\"lazy\" decoding=\"async\" width=\"800\" height=\"498\" src=\"https:\/\/collision.aiacanada.com\/wp-content\/uploads\/2024\/03\/CRC-IMG-1024x637.jpg\" class=\"attachment-large size-large wp-image-1627\" alt=\"\" srcset=\"https:\/\/collision.aiacanada.com\/wp-content\/uploads\/2024\/03\/CRC-IMG-1024x637.jpg 1024w, https:\/\/collision.aiacanada.com\/wp-content\/uploads\/2024\/03\/CRC-IMG-300x187.jpg 300w, https:\/\/collision.aiacanada.com\/wp-content\/uploads\/2024\/03\/CRC-IMG-768x478.jpg 768w, https:\/\/collision.aiacanada.com\/wp-content\/uploads\/2024\/03\/CRC-IMG-1536x956.jpg 1536w, https:\/\/collision.aiacanada.com\/wp-content\/uploads\/2024\/03\/CRC-IMG.jpg 2048w\" sizes=\"(max-width: 800px) 100vw, 800px\" \/>\t\t\t\t\t\t\t\t\t\t\t\t\t<\/div>\n\t\t\t\t<\/div>\n\t\t\t\t\t<\/div>\n\t\t<\/div>\n\t\t\t\t<div class=\"elementor-column elementor-col-66 elementor-top-column elementor-element elementor-element-755972d\" data-id=\"755972d\" data-element_type=\"column\">\n\t\t\t<div class=\"elementor-widget-wrap elementor-element-populated\">\n\t\t\t\t\t\t<div class=\"elementor-element elementor-element-f23d7bb elementor-widget elementor-widget-heading\" data-id=\"f23d7bb\" data-element_type=\"widget\" data-widget_type=\"heading.default\">\n\t\t\t\t<div class=\"elementor-widget-container\">\n\t\t\t<h2 class=\"elementor-heading-title elementor-size-default\">Conseil des r\u00e9parateurs de carrosserie<\/h2>\t\t<\/div>\n\t\t\t\t<\/div>\n\t\t\t\t<div class=\"elementor-element elementor-element-752ab9e elementor-widget elementor-widget-text-editor\" data-id=\"752ab9e\" data-element_type=\"widget\" data-widget_type=\"text-editor.default\">\n\t\t\t\t<div class=\"elementor-widget-container\">\n\t\t\t\t\t\t\t<p><span class=\"TextRun SCXW42189023 BCX0\" lang=\"FR-CA\" xml:lang=\"FR-CA\" data-contrast=\"auto\"><span class=\"NormalTextRun SCXW42189023 BCX0\">L&#8217;objectif du conseil des r\u00e9parateurs de carrosserie est de favoriser l&#8217;int\u00e9r\u00eat des r\u00e9parateurs de carrosserie canadiens et de fournir des recommandations au conseil d&#8217;administration de l&#8217;AIA Canada concernant des programmes, des orientations et des initiatives d\u00e9di\u00e9s \u00e0 leurs objectifs.<\/span><\/span><\/p>\t\t\t\t\t\t<\/div>\n\t\t\t\t<\/div>\n\t\t\t\t<div class=\"elementor-element elementor-element-6ec491d elementor-widget elementor-widget-button\" data-id=\"6ec491d\" data-element_type=\"widget\" data-widget_type=\"button.default\">\n\t\t\t\t<div class=\"elementor-widget-container\">\n\t\t\t\t\t\t\t<div class=\"elementor-button-wrapper\">\n\t\t\t\t\t<a class=\"elementor-button elementor-button-link elementor-size-sm\" href=\"\/impliquez-vous\/conseil-des-reparateurs-de-carrosserie\/\">\n\t\t\t\t\t\t<span class=\"elementor-button-content-wrapper\">\n\t\t\t\t\t\t\t\t\t<span class=\"elementor-button-text\">En savoir plus<\/span>\n\t\t\t\t\t<\/span>\n\t\t\t\t\t<\/a>\n\t\t\t\t<\/div>\n\t\t\t\t\t\t<\/div>\n\t\t\t\t<\/div>\n\t\t\t\t\t<\/div>\n\t\t<\/div>\n\t\t\t\t\t<\/div>\n\t\t<\/section>\n\t\t\t\t<\/div>\n\t\t","protected":false},"excerpt":{"rendered":"<p>Il y a plusieurs mani\u00e8res de soutenir le secteur, que ce soit en consacrant du temps au b\u00e9n\u00e9volat, en participant \u00e0 des \u00e9v\u00e9nements ou en s&#8217;engageant financi\u00e8rement. Votre participation au CCIF contribue \u00e0 alimenter les conversations sur les connaissances, les d\u00e9fis et les tendances du secteur. Opportunit\u00e9s de commandite Des possibilit\u00e9s de commandites sont offertes, [&hellip;]<\/p>\n","protected":false},"author":15,"featured_media":0,"parent":0,"menu_order":0,"comment_status":"closed","ping_status":"closed","template":"","meta":{"_acf_changed":false,"footnotes":""},"class_list":["post-1540","page","type-page","status-publish","hentry"],"acf":[],"aioseo_notices":[],"_links":{"self":[{"href":"https:\/\/collision.aiacanada.com\/fr\/wp-json\/wp\/v2\/pages\/1540","targetHints":{"allow":["GET"]}}],"collection":[{"href":"https:\/\/collision.aiacanada.com\/fr\/wp-json\/wp\/v2\/pages"}],"about":[{"href":"https:\/\/collision.aiacanada.com\/fr\/wp-json\/wp\/v2\/types\/page"}],"author":[{"embeddable":true,"href":"https:\/\/collision.aiacanada.com\/fr\/wp-json\/wp\/v2\/users\/15"}],"replies":[{"embeddable":true,"href":"https:\/\/collision.aiacanada.com\/fr\/wp-json\/wp\/v2\/comments?post=1540"}],"version-history":[{"count":0,"href":"https:\/\/collision.aiacanada.com\/fr\/wp-json\/wp\/v2\/pages\/1540\/revisions"}],"wp:attachment":[{"href":"https:\/\/collision.aiacanada.com\/fr\/wp-json\/wp\/v2\/media?parent=1540"}],"curies":[{"name":"wp","href":"https:\/\/api.w.org\/{rel}","templated":true}]}}