{"id":1100,"date":"2024-02-12T13:24:37","date_gmt":"2024-02-12T18:24:37","guid":{"rendered":"https:\/\/collisionaiac.wpenginepowered.com\/ccif-supporters\/"},"modified":"2026-02-27T15:19:34","modified_gmt":"2026-02-27T20:19:34","slug":"supporteurs-ccif","status":"publish","type":"page","link":"https:\/\/collision.aiacanada.com\/fr\/impliquez-vous\/supporteurs-ccif\/","title":{"rendered":"Programme de supporteurs du Forum canadien de l\u2019industrie de la carrosserie"},"content":{"rendered":"\t\t<div data-elementor-type=\"wp-page\" data-elementor-id=\"1100\" class=\"elementor elementor-1100 elementor-1017\" data-elementor-post-type=\"page\">\n\t\t\t\t\t\t<section class=\"elementor-section elementor-top-section elementor-element elementor-element-7e3ff17 elementor-section-boxed elementor-section-height-default elementor-section-height-default\" data-id=\"7e3ff17\" data-element_type=\"section\">\n\t\t\t\t\t\t<div class=\"elementor-container elementor-column-gap-default\">\n\t\t\t\t\t<div class=\"elementor-column elementor-col-100 elementor-top-column elementor-element elementor-element-bcc75eb\" data-id=\"bcc75eb\" data-element_type=\"column\">\n\t\t\t<div class=\"elementor-widget-wrap elementor-element-populated\">\n\t\t\t\t\t\t<div class=\"elementor-element elementor-element-74d1d29 elementor-widget elementor-widget-text-editor\" data-id=\"74d1d29\" data-element_type=\"widget\" data-widget_type=\"text-editor.default\">\n\t\t\t\t<div class=\"elementor-widget-container\">\n\t\t\t\t\t\t\t<p>Un supporteur du Forum canadien de l\u2019industrie de la carrosserie (CCIF), anciennement connu sous le nom de \u00ab\u00a0Supporteur feuille d\u2019\u00e9rable\u00a0\u00bb, est une personne qui s\u2019engage \u00e0 soutenir les initiatives du CCIF visant \u00e0 am\u00e9liorer le succ\u00e8s, la rentabilit\u00e9 et l\u2019image de l\u2019industrie de la r\u00e9paration de carrosserie. Elle reconna\u00eet que le changement vient de la communication, de la participation et de l\u2019action. Le programme des supporteurs du CCIF offre une occasion annuelle aux personnes d\u2019apporter une contribution au programme du CCIF et de s\u2019inscrire \u00e0 la conf\u00e9rence de l\u2019ann\u00e9e civile compl\u00e8te en un seul clic. \u00a0<\/p><p>Les supporteurs du CCIF b\u00e9n\u00e9ficient de nombreux avantages pour l\u2019ann\u00e9e civile, notamment :<\/p><ul><li>Acc\u00e8s pour une (1) personne \u00e0 assister aux deux conf\u00e9rences en pr\u00e9sentiel du CCIF en 2026<\/li><li>Un badge nominatif exclusif pour reconna\u00eetre votre contribution.<\/li><li>Reconnaissance sur la page web des Supporteurs du CCIF.<\/li><\/ul><p>\u00a0<\/p><p>*Il y aura deux (2) conf\u00e9rences du CCIF en pr\u00e9sentiel en 2026 :<\/p><ul><li>CCIF Toronto, du 11 au 12 mars 2026<\/li><li>CCIF Montreal, du 16 au 17 septembre 2026<\/li><\/ul>\t\t\t\t\t\t<\/div>\n\t\t\t\t<\/div>\n\t\t\t\t\t<\/div>\n\t\t<\/div>\n\t\t\t\t\t<\/div>\n\t\t<\/section>\n\t\t\t\t<section class=\"elementor-section elementor-top-section elementor-element elementor-element-e0627ce elementor-section-boxed elementor-section-height-default elementor-section-height-default\" data-id=\"e0627ce\" data-element_type=\"section\">\n\t\t\t\t\t\t<div class=\"elementor-container elementor-column-gap-default\">\n\t\t\t\t\t<div class=\"elementor-column elementor-col-100 elementor-top-column elementor-element elementor-element-f17869a\" data-id=\"f17869a\" data-element_type=\"column\">\n\t\t\t<div class=\"elementor-widget-wrap elementor-element-populated\">\n\t\t\t\t\t\t<div class=\"elementor-element elementor-element-f673a8d elementor-widget elementor-widget-heading\" data-id=\"f673a8d\" data-element_type=\"widget\" data-widget_type=\"heading.default\">\n\t\t\t\t<div class=\"elementor-widget-container\">\n\t\t\t<h2 class=\"elementor-heading-title elementor-size-default\">Renseignements sur l\u2019inscription des supporteurs du Forum canadien de l\u2019industrie de la carrosserie<\/h2>\t\t<\/div>\n\t\t\t\t<\/div>\n\t\t\t\t\t<\/div>\n\t\t<\/div>\n\t\t\t\t\t<\/div>\n\t\t<\/section>\n\t\t\t\t<section class=\"elementor-section elementor-top-section elementor-element elementor-element-42fe7ad elementor-section-boxed elementor-section-height-default elementor-section-height-default\" data-id=\"42fe7ad\" data-element_type=\"section\">\n\t\t\t\t\t\t<div class=\"elementor-container elementor-column-gap-default\">\n\t\t\t\t\t<div class=\"elementor-column elementor-col-100 elementor-top-column elementor-element elementor-element-8f8d3bc\" data-id=\"8f8d3bc\" data-element_type=\"column\">\n\t\t\t<div class=\"elementor-widget-wrap elementor-element-populated\">\n\t\t\t\t\t\t<div class=\"elementor-element elementor-element-96c94e6 elementor-widget elementor-widget-text-editor\" data-id=\"96c94e6\" data-element_type=\"widget\" data-widget_type=\"text-editor.default\">\n\t\t\t\t<div class=\"elementor-widget-container\">\n\t\t\t\t\t\t\t<p>Les supporteurs du CCIF peuvent assister au CCIF Toronto et CCIF Montr\u00e9al. Le CCIF Toronto se tiendra \u00e0 la Conf\u00e9rence de l\u2019industrie canadienne de l\u2019entretien et de la r\u00e9paration automobile lors de la r\u00e9ception de r\u00e9seautage du 11 mars et d\u2019une journ\u00e9e compl\u00e8te de programmation le 12 mars 2026.\u00a0\u00a0<\/p><p>La date limite pour s\u2019inscrire en tant que supporteur du CCIF en 2026 est le 27 fevrier 2026. Les frais d\u2019inscription sont de <strong>519,75 $ (avant taxes)<\/strong>. L\u2019inscription doit \u00eatre compl\u00e9t\u00e9e lors du premier \u00e9v\u00e9nement de l\u2019ann\u00e9e (CCIF Toronto qui a lieu lors de la Conf\u00e9rence de l\u2019industrie canadienne de l\u2019entretien et de la r\u00e9paration automobile).<\/p><p>Veuillez s\u00e9lectionner les frais d\u2019inscription associ\u00e9s aux\u00a0<strong>supporteurs du CCIF \u00a0<\/strong>lors du processus d\u2019inscription en ligne de la premi\u00e8re conf\u00e9rence de l\u2019ann\u00e9e civile afin de profiter des frais d\u2019inscription annuels uniques.<\/p><p>Il ne sera pas n\u00e9cessaire de s\u2019inscrire \u00e0 chaque conf\u00e9rence si vous vous inscrivez en tant que supporteur du CCIF.<\/p><p>Les inscriptions des supporteurs du CCIF ne sont pas transf\u00e9rables.<\/p>\t\t\t\t\t\t<\/div>\n\t\t\t\t<\/div>\n\t\t\t\t\t<\/div>\n\t\t<\/div>\n\t\t\t\t\t<\/div>\n\t\t<\/section>\n\t\t\t\t<section class=\"elementor-section elementor-top-section elementor-element elementor-element-555c253 elementor-section-boxed elementor-section-height-default elementor-section-height-default\" data-id=\"555c253\" data-element_type=\"section\">\n\t\t\t\t\t\t<div class=\"elementor-container elementor-column-gap-default\">\n\t\t\t\t\t<div class=\"elementor-column elementor-col-100 elementor-top-column elementor-element elementor-element-1465300\" data-id=\"1465300\" data-element_type=\"column\">\n\t\t\t<div class=\"elementor-widget-wrap elementor-element-populated\">\n\t\t\t\t\t\t<div class=\"elementor-element elementor-element-fa24068 elementor-widget elementor-widget-heading\" data-id=\"fa24068\" data-element_type=\"widget\" data-widget_type=\"heading.default\">\n\t\t\t\t<div class=\"elementor-widget-container\">\n\t\t\t<h2 class=\"elementor-heading-title elementor-size-default\">Supporteurs du CCIF de 2026<\/h2>\t\t<\/div>\n\t\t\t\t<\/div>\n\t\t\t\t\t<\/div>\n\t\t<\/div>\n\t\t\t\t\t<\/div>\n\t\t<\/section>\n\t\t\t\t<section class=\"elementor-section elementor-top-section elementor-element elementor-element-2530dad elementor-section-boxed elementor-section-height-default elementor-section-height-default\" data-id=\"2530dad\" data-element_type=\"section\">\n\t\t\t\t\t\t<div class=\"elementor-container elementor-column-gap-default\">\n\t\t\t\t\t<div class=\"elementor-column elementor-col-100 elementor-top-column elementor-element elementor-element-4a37c86\" data-id=\"4a37c86\" data-element_type=\"column\">\n\t\t\t<div class=\"elementor-widget-wrap elementor-element-populated\">\n\t\t\t\t\t\t<div class=\"elementor-element elementor-element-16b1ae5 elementor-widget elementor-widget-text-editor\" data-id=\"16b1ae5\" data-element_type=\"widget\" data-widget_type=\"text-editor.default\">\n\t\t\t\t<div class=\"elementor-widget-container\">\n\t\t\t\t\t\t\t<table>\n<tbody>\n<tr>\n<td width=\"119\"><strong>\u2022 Carole Anne Andrews<\/strong><\/td>\n<td width=\"207\">Hertz Canada Ltd.<\/td>\n<td width=\"119\"><strong>\u2022 Serge Babineau<\/strong><\/td>\n<td width=\"207\">IAA Canada<\/td>\n<\/tr>\n<tr>\n<td width=\"119\"><strong>\u2022 Anne B\u00e9land<\/strong><\/td>\n<td width=\"207\">Unipiece O.E.M.<\/td>\n<td width=\"119\"><strong>\u2022 Larry Bergmann<\/strong><\/td>\n<td width=\"207\">Speciality Product Sales, Inc.<\/td>\n<\/tr>\n<tr>\n<td width=\"119\"><strong>\u2022 Sonia Bouthillette<\/strong><\/td>\n<td width=\"207\">Fix Network<\/td>\n<td width=\"119\"><strong>\u2022 Jeff Brown<\/strong><\/td>\n<td width=\"207\">Don-Mor Automotive Group<\/td>\n<\/tr>\n<tr>\n<td width=\"119\"><strong>\u2022 Norman Cheng<\/strong><\/td>\n<td width=\"207\">Mitchell International<\/td>\n<td width=\"119\"><strong>\u2022 Ken Dang<\/strong><\/td>\n<td width=\"207\">Turo<\/td>\n<\/tr>\n<tr>\n<td width=\"119\"><strong>\u2022 Sean Donaldson<\/strong><\/td>\n<td width=\"207\">CSN Collision<\/td>\n<td width=\"119\"><strong>\u2022 Jenn Everett<\/strong><\/td>\n<td width=\"207\">Enterprise Mobility<\/td>\n<\/tr>\n<tr>\n<td width=\"119\"><strong>\u2022 Dave Foster<\/strong><\/td>\n<td width=\"207\">CARSTAR Canada<\/td>\n<td width=\"119\"><strong>\u2022 Martin Gallant<\/strong><\/td>\n<td width=\"207\">Unipi\u00e8ce OEM<\/td>\n<\/tr>\n<tr>\n<td width=\"110\"><strong>\u2022 Glory Garisto<\/strong><\/td>\n<td width=\"188\">Kent Automotive<\/td>\n<td width=\"110\"><strong>\u2022 Michael Gilliland<\/strong><\/td>\n<td width=\"188\">AutoHouse Technologies, Inc.<\/td>\n<\/tr>\n<tr>\n<td width=\"110\"><strong>\u2022 Michelle Glenn<\/strong><\/td>\n<td width=\"188\">IAA<\/td>\n<td width=\"110\"><strong>\u2022 Benoit Goulet<\/strong><\/td>\n<td width=\"188\">Axalta<\/td>\n<\/tr>\n<tr>\n<td width=\"110\"><strong>\u2022 Darrin Heise<\/strong><\/td>\n<td width=\"188\">Color Compass Corporation<\/td>\n<td width=\"110\"><strong>\u2022 Trevor Jones<\/strong><\/td>\n<td width=\"188\">CARSTAR Canada<\/td>\n<\/tr>\n<tr>\n<td width=\"110\"><strong>\u2022 Stephen Klemchuck<\/strong><\/td>\n<td width=\"188\">Solera | Audatex<\/td>\n<td width=\"110\"><strong>\u2022 Dan Mallette<\/strong><\/td>\n<td width=\"188\">Enterprise Mobility<\/td>\n<\/tr>\n<tr>\n<td width=\"110\"><strong>\u2022 Don Morton<\/strong><\/td>\n<td width=\"188\">Don-Mor Automotive Group<\/td>\n<td width=\"110\"><strong>\u2022 Jim Nichol<\/strong><\/td>\n<td width=\"188\">Enterprise Mobility<\/td>\n<\/tr>\n<tr>\n<td width=\"110\"><strong>\u2022 Ryan O&#8217;Connor<\/strong><\/td>\n<td width=\"188\">Hertz Canada Ltd.<\/td>\n<td width=\"110\"><strong>\u2022 Auli Parviainen<\/strong><\/td>\n<td width=\"188\">Car-Rep Automotive Products<\/td>\n<\/tr>\n<tr>\n<td width=\"110\"><strong>\u2022 Jay Perry<\/strong><\/td>\n<td width=\"188\">Ally Business Coaching<\/td>\n<td width=\"110\"><strong>\u2022 Damien Reyna<\/strong><\/td>\n<td width=\"188\">Driven Brands<\/td>\n<\/tr>\n<tr>\n<td width=\"119\"><b>\u2022 Tifarah Senkow<\/b><\/td>\n<td width=\"207\">Advantage Parts Solutions<\/td>\n<td width=\"119\"><b>\u2022 Ritu Shannon<\/b><\/td>\n<td width=\"207\">Enterprise Mobility<\/td>\n<\/tr>\n<tr>\n<td width=\"110\"><strong>\u2022 Will Snow<\/strong><\/td>\n<td width=\"188\">CSN Collision<\/td>\n<td width=\"110\"><strong>\u2022 Shannon Tardiff<\/strong><\/td>\n<td width=\"188\">CSN Collision<\/td>\n<\/tr>\n<tr>\n<td width=\"110\"><strong>\u2022 Mike Thibault<\/strong><\/td>\n<td width=\"188\">Enterprise Mobility<\/td>\n<td width=\"110\"><strong>\u2022 Sabrina Thring<\/strong><\/td>\n<td width=\"188\">CARSTAR Canada, Driven Brands<\/td>\n<\/tr>\n<tr>\n<td width=\"110\"><strong>\u2022 Chris Watson-Gaze<\/strong><\/td>\n<td width=\"188\">CSN Collision Inc.<\/td>\n<td width=\"119\"><strong>\u2022 Jim Wraight<\/strong><\/td>\n<td width=\"207\">BodyshopConnect<\/td>\n<\/tr>\n<tr>\n<td width=\"119\"><strong>\u2022 Peter Wrong<\/strong><\/td>\n<td width=\"207\">Color Compass Corporation<\/td>\n<\/tr>\n<\/tbody>\n<\/table>\t\t\t\t\t\t<\/div>\n\t\t\t\t<\/div>\n\t\t\t\t\t<\/div>\n\t\t<\/div>\n\t\t\t\t\t<\/div>\n\t\t<\/section>\n\t\t\t\t<\/div>\n\t\t","protected":false},"excerpt":{"rendered":"<p>Un supporteur du Forum canadien de l\u2019industrie de la carrosserie (CCIF), anciennement connu sous le nom de \u00ab\u00a0Supporteur feuille d\u2019\u00e9rable\u00a0\u00bb, est une personne qui s\u2019engage \u00e0 soutenir les initiatives du CCIF visant \u00e0 am\u00e9liorer le succ\u00e8s, la rentabilit\u00e9 et l\u2019image de l\u2019industrie de la r\u00e9paration de carrosserie. Elle reconna\u00eet que le changement vient de la [&hellip;]<\/p>\n","protected":false},"author":16,"featured_media":0,"parent":1540,"menu_order":0,"comment_status":"closed","ping_status":"closed","template":"","meta":{"_acf_changed":false,"footnotes":""},"class_list":["post-1100","page","type-page","status-publish","hentry"],"acf":[],"aioseo_notices":[],"_links":{"self":[{"href":"https:\/\/collision.aiacanada.com\/fr\/wp-json\/wp\/v2\/pages\/1100","targetHints":{"allow":["GET"]}}],"collection":[{"href":"https:\/\/collision.aiacanada.com\/fr\/wp-json\/wp\/v2\/pages"}],"about":[{"href":"https:\/\/collision.aiacanada.com\/fr\/wp-json\/wp\/v2\/types\/page"}],"author":[{"embeddable":true,"href":"https:\/\/collision.aiacanada.com\/fr\/wp-json\/wp\/v2\/users\/16"}],"replies":[{"embeddable":true,"href":"https:\/\/collision.aiacanada.com\/fr\/wp-json\/wp\/v2\/comments?post=1100"}],"version-history":[{"count":0,"href":"https:\/\/collision.aiacanada.com\/fr\/wp-json\/wp\/v2\/pages\/1100\/revisions"}],"up":[{"embeddable":true,"href":"https:\/\/collision.aiacanada.com\/fr\/wp-json\/wp\/v2\/pages\/1540"}],"wp:attachment":[{"href":"https:\/\/collision.aiacanada.com\/fr\/wp-json\/wp\/v2\/media?parent=1100"}],"curies":[{"name":"wp","href":"https:\/\/api.w.org\/{rel}","templated":true}]}}